{"id":14294,"date":"2022-05-17T10:38:29","date_gmt":"2022-05-17T09:38:29","guid":{"rendered":"https:\/\/actfestival.com\/?page_id=14294"},"modified":"2022-12-23T13:06:38","modified_gmt":"2022-12-23T12:06:38","slug":"escandalosas","status":"publish","type":"page","link":"https:\/\/actfestival.com\/en\/escandalosas\/","title":{"rendered":"Personas escandalosas que no caben en este mundo"},"content":{"rendered":"<section class=\"l-section wpb_row height_custom\"><div class=\"l-section-h i-cf\"><div class=\"g-cols vc_row via_grid cols_2 laptops-cols_inherit tablets-cols_inherit mobiles-cols_1 valign_top type_default stacking_default\"><div class=\"wpb_column vc_column_container us_custom_6217dcc9\"><div class=\"vc_column-inner\"><div class=\"w-separator size_custom\" style=\"height:35px\"><\/div><div class=\"w-image us_custom_d8893260 us_animate_this hide_on_tablets hide_on_mobiles align_none\"><div class=\"w-image-h\"><img decoding=\"async\" width=\"1024\" height=\"724\" src=\"https:\/\/actfestival.com\/wp-content\/uploads\/2022\/05\/442.-Personas_02_sin-credito-1024x724.png\" class=\"attachment-large size-large\" alt=\"\" loading=\"lazy\" srcset=\"https:\/\/actfestival.com\/wp-content\/uploads\/2022\/05\/442.-Personas_02_sin-credito-1024x724.png 1024w, https:\/\/actfestival.com\/wp-content\/uploads\/2022\/05\/442.-Personas_02_sin-credito-300x212.png 300w, https:\/\/actfestival.com\/wp-content\/uploads\/2022\/05\/442.-Personas_02_sin-credito-400x283.png 400w, https:\/\/actfestival.com\/wp-content\/uploads\/2022\/05\/442.-Personas_02_sin-credito-566x400.png 566w, https:\/\/actfestival.com\/wp-content\/uploads\/2022\/05\/442.-Personas_02_sin-credito.png 1403w\" sizes=\"auto, (max-width: 1024px) 100vw, 1024px\" \/><\/div><\/div><div class=\"w-image us_custom_82259c9b us_animate_this hide_on_default hide_on_laptops align_none\"><div class=\"w-image-h\"><img decoding=\"async\" width=\"1024\" height=\"724\" src=\"https:\/\/actfestival.com\/wp-content\/uploads\/2022\/05\/442.-Personas_02_sin-credito-1024x724.png\" class=\"attachment-large size-large\" alt=\"\" loading=\"lazy\" srcset=\"https:\/\/actfestival.com\/wp-content\/uploads\/2022\/05\/442.-Personas_02_sin-credito-1024x724.png 1024w, https:\/\/actfestival.com\/wp-content\/uploads\/2022\/05\/442.-Personas_02_sin-credito-300x212.png 300w, https:\/\/actfestival.com\/wp-content\/uploads\/2022\/05\/442.-Personas_02_sin-credito-400x283.png 400w, https:\/\/actfestival.com\/wp-content\/uploads\/2022\/05\/442.-Personas_02_sin-credito-566x400.png 566w, https:\/\/actfestival.com\/wp-content\/uploads\/2022\/05\/442.-Personas_02_sin-credito.png 1403w\" sizes=\"auto, (max-width: 1024px) 100vw, 1024px\" \/><\/div><\/div><div class=\"w-separator hide_on_tablets hide_on_mobiles size_custom\" style=\"height:35px\"><\/div><div class=\"w-btn-wrapper align_left hide_on_tablets hide_on_mobiles\"><a class=\"w-btn us-btn-style_1 us_custom_1f5f827b\" target=\"_blank\" rel=\"nofollow\" href=\"https:\/\/www.teatrocampos.com\/espectaculo\/festival-acts-bilbao-teatro-2\/\"><span class=\"w-btn-label\">BUY TICKETS FOR THE SESION<\/span><\/a><\/div><div class=\"w-separator hide_on_tablets hide_on_mobiles size_custom\" style=\"height:35px\"><\/div><div class=\"w-video hide_on_mobiles align_none ratio_16x9 has_iframe\"><div class=\"w-video-h\"><iframe title=\"Vimeo video player\" src=\"https:\/\/player.vimeo.com\/video\/671896425?autoplay=0&loop=0&autopause=0&color=00adef&portrait=0&byline=1&title=1&controls=1&muted=0\" frameborder=\"0\" allow=\"autoplay; fullscreen\" allowfullscreen loading=\"lazy\"><\/iframe><\/div><div class=\"w-video-icon\" style=\"font-size:1.5rem;background:rgba(0,0,0,0.5);color:#fff\"><\/div><\/div><\/div><\/div><div class=\"wpb_column vc_column_container\"><div class=\"vc_column-inner\"><div class=\"wpb_text_column us_custom_1846d316\"><div class=\"wpb_wrapper\"><p style=\"text-align: left;\"><span style=\"font-family: verdana, geneva, sans-serif; font-size: 24pt;\"><strong>Personas escandalosas que no caben en el mundo<\/strong><\/span><\/p>\n<\/div><\/div><div class=\"w-separator size_custom\" style=\"height:20px\"><\/div><div class=\"wpb_text_column us_custom_e5aea6d2\"><div class=\"wpb_wrapper\"><p style=\"text-align: left;\"><span style=\"font-family: verdana, geneva, sans-serif;\"><i><span style=\"font-weight: 400;\">A post-dramatic theater piece where different elements and languages dialogue on stage<\/span>. <span style=\"font-weight: 400;\">It is a show against the culture of homophobia, born from the need to break the silence, the taboo, the shame, the guilt, the stigma of social class, the fear and the self-censorship. <\/span><\/i><\/span><\/p>\n<\/div><\/div><div class=\"w-separator size_custom\" style=\"height:20px\"><\/div><div class=\"w-video hide_on_default hide_on_laptops hide_on_tablets align_none ratio_16x9 has_iframe\"><div class=\"w-video-h\"><iframe title=\"Vimeo video player\" src=\"https:\/\/player.vimeo.com\/video\/671896425?autoplay=0&loop=0&autopause=0&color=00adef&portrait=0&byline=1&title=1&controls=1&muted=0\" frameborder=\"0\" allow=\"autoplay; fullscreen\" allowfullscreen loading=\"lazy\"><\/iframe><\/div><div class=\"w-video-icon\" style=\"font-size:1.5rem;background:rgba(0,0,0,0.5);color:#fff\"><\/div><\/div><div class=\"w-separator size_custom\" style=\"height:20px\"><\/div><div class=\"wpb_text_column us_custom_5df6a7e2\"><div class=\"wpb_wrapper\"><p><span style=\"font-family: verdana, geneva, sans-serif; font-size: 12pt;\"><b>Company<\/b><span style=\"font-weight: 400;\">: Orientaci\u00f3n colectiva loli<\/span><\/span><br \/>\n<span style=\"font-family: verdana, geneva, sans-serif; font-size: 12pt;\"><b>Duration: <\/b>30\u2019<\/span><br \/>\n<span style=\"font-family: verdana, geneva, sans-serif; font-size: 12pt;\"><b>Language:<\/b> <span style=\"font-weight: 400;\">Spanish with subtitles in English &amp; Basque<\/span><\/span><br \/>\n<span style=\"font-family: verdana, geneva, sans-serif; font-size: 12pt;\"><strong>Category<\/strong>: Performance<\/span><br \/>\n<span style=\"font-family: verdana, geneva, sans-serif; font-size: 12pt;\"><b>Origin<\/b><span style=\"font-weight: 400;\">: Barcelona<\/span><\/span><br \/>\n<span style=\"font-family: verdana, geneva, sans-serif; font-size: 12pt;\"><b>Cast: <span style=\"font-weight: 400;\">N\u00faria Planes Llull (Performer); Agn\u00e8s Jabbour Bosacoma (Performer); Xavier Palomino Barbero (Performer); Mario Andr\u00e9s (Lighting &amp; Sound Technician)<\/span><\/b><\/span><\/p>\n<\/div><\/div><div class=\"w-separator size_custom\" style=\"height:20px\"><\/div><div class=\"wpb_text_column us_custom_e5aea6d2\"><div class=\"wpb_wrapper\"><p><span style=\"font-weight: 400; font-family: verdana, geneva, sans-serif;\"><strong>Orientaci\u00f3n Colectiva Loli (OCL)<\/strong> was born in Barcelona in September 2020. Its members, after a professional career of individual character, decide to form a company with the desire to work together in a theater production. They decide to consider a new way of working and managing the company creating a horizontal, feminist and cooperative organization based on a multi-project with a broader social perspective. In 2021 they start the collaboration with Mis Bragas Foundation in a first residency in the Glej space in Ljubljana (Slovenia) and prepare their first production &#8220;Personas escandalosas que no caben en el mundo&#8221;.<\/span><\/p>\n<\/div><\/div><div class=\"w-separator size_custom\" style=\"height:35px\"><\/div><div class=\"w-btn-wrapper align_left hide_on_default hide_on_laptops\"><a class=\"w-btn us-btn-style_1 us_custom_1f5f827b\" target=\"_blank\" rel=\"nofollow\" href=\"https:\/\/www.teatrocampos.com\/espectaculo\/festival-acts-bilbao-teatro-2\/\"><span class=\"w-btn-label\">BUY TICKETS FOR THE SESION<\/span><\/a><\/div><\/div><\/div><\/div><\/div><\/section>\n","protected":false},"excerpt":{"rendered":"BUY TICKETS FOR THE SESIONPersonas escandalosas que no caben en el mundo A post-dramatic theater piece where different elements and languages dialogue on stage. It is a show against the culture of homophobia, born from the need to break the silence, the taboo, the shame, the guilt, the stigma of social class, the fear and...","protected":false},"author":1,"featured_media":0,"parent":0,"menu_order":0,"comment_status":"closed","ping_status":"closed","template":"","meta":{"_acf_changed":false,"footnotes":""},"class_list":["post-14294","page","type-page","status-publish","hentry"],"acf":[],"_links":{"self":[{"href":"https:\/\/actfestival.com\/en\/wp-json\/wp\/v2\/pages\/14294","targetHints":{"allow":["GET"]}}],"collection":[{"href":"https:\/\/actfestival.com\/en\/wp-json\/wp\/v2\/pages"}],"about":[{"href":"https:\/\/actfestival.com\/en\/wp-json\/wp\/v2\/types\/page"}],"author":[{"embeddable":true,"href":"https:\/\/actfestival.com\/en\/wp-json\/wp\/v2\/users\/1"}],"replies":[{"embeddable":true,"href":"https:\/\/actfestival.com\/en\/wp-json\/wp\/v2\/comments?post=14294"}],"version-history":[{"count":10,"href":"https:\/\/actfestival.com\/en\/wp-json\/wp\/v2\/pages\/14294\/revisions"}],"predecessor-version":[{"id":14680,"href":"https:\/\/actfestival.com\/en\/wp-json\/wp\/v2\/pages\/14294\/revisions\/14680"}],"wp:attachment":[{"href":"https:\/\/actfestival.com\/en\/wp-json\/wp\/v2\/media?parent=14294"}],"curies":[{"name":"wp","href":"https:\/\/api.w.org\/{rel}","templated":true}]}}