{"id":14824,"date":"2022-06-10T10:03:30","date_gmt":"2022-06-10T09:03:30","guid":{"rendered":"https:\/\/actfestival.com\/clucalls\/"},"modified":"2022-12-23T12:23:22","modified_gmt":"2022-12-23T11:23:22","slug":"aclucalls","status":"publish","type":"page","link":"https:\/\/actfestival.com\/en\/aclucalls\/","title":{"rendered":"Aclucalls"},"content":{"rendered":"<section class=\"l-section wpb_row height_custom\"><div class=\"l-section-h i-cf\"><div class=\"g-cols vc_row via_grid cols_2 laptops-cols_inherit tablets-cols_inherit mobiles-cols_1 valign_top type_default stacking_default\"><div class=\"wpb_column vc_column_container us_custom_6217dcc9\"><div class=\"vc_column-inner\"><div class=\"w-separator size_custom\" style=\"height:35px\"><\/div><div class=\"w-image us_custom_d8893260 us_animate_this hide_on_tablets hide_on_mobiles align_none\"><div class=\"w-image-h\"><img decoding=\"async\" width=\"636\" height=\"403\" src=\"https:\/\/actfestival.com\/wp-content\/uploads\/2022\/06\/lasadcum.jpg\" class=\"attachment-large size-large\" alt=\"\" loading=\"lazy\" srcset=\"https:\/\/actfestival.com\/wp-content\/uploads\/2022\/06\/lasadcum.jpg 636w, https:\/\/actfestival.com\/wp-content\/uploads\/2022\/06\/lasadcum-300x190.jpg 300w, https:\/\/actfestival.com\/wp-content\/uploads\/2022\/06\/lasadcum-400x253.jpg 400w, https:\/\/actfestival.com\/wp-content\/uploads\/2022\/06\/lasadcum-600x380.jpg 600w\" sizes=\"auto, (max-width: 636px) 100vw, 636px\" \/><\/div><\/div><div class=\"w-image us_custom_82259c9b us_animate_this hide_on_default hide_on_laptops align_none\"><div class=\"w-image-h\"><img decoding=\"async\" width=\"636\" height=\"403\" src=\"https:\/\/actfestival.com\/wp-content\/uploads\/2022\/06\/lasadcum.jpg\" class=\"attachment-large size-large\" alt=\"\" loading=\"lazy\" srcset=\"https:\/\/actfestival.com\/wp-content\/uploads\/2022\/06\/lasadcum.jpg 636w, https:\/\/actfestival.com\/wp-content\/uploads\/2022\/06\/lasadcum-300x190.jpg 300w, https:\/\/actfestival.com\/wp-content\/uploads\/2022\/06\/lasadcum-400x253.jpg 400w, https:\/\/actfestival.com\/wp-content\/uploads\/2022\/06\/lasadcum-600x380.jpg 600w\" sizes=\"auto, (max-width: 636px) 100vw, 636px\" \/><\/div><\/div><div class=\"w-separator hide_on_tablets hide_on_mobiles size_custom\" style=\"height:35px\"><\/div><div class=\"w-btn-wrapper align_left hide_on_tablets hide_on_mobiles\"><a class=\"w-btn us-btn-style_1 us_custom_5244b821 us_animate_this\" target=\"_blank\" rel=\"nofollow\" href=\"https:\/\/tickets.kutxabank.es\/#\/es\/detalle\/0511FESTIVALACT@Janto_KB\/20SBBK\"><span class=\"w-btn-label\">BUY TICKETS FOR THE SESSION<\/span><\/a><\/div><\/div><\/div><div class=\"wpb_column vc_column_container\"><div class=\"vc_column-inner\"><div class=\"wpb_text_column us_custom_1846d316\"><div class=\"wpb_wrapper\"><p style=\"text-align: left;\"><span style=\"font-family: verdana, geneva, sans-serif; font-size: 24pt;\"><strong>ACT 2021 Award: ACLUCALLS<\/strong><\/span><\/p>\n<\/div><\/div><div class=\"w-separator size_custom\" style=\"height:20px\"><\/div><div class=\"wpb_text_column us_custom_e5aea6d2\"><div class=\"wpb_wrapper\"><p><span style=\"font-family: verdana, geneva, sans-serif;\"><i><span style=\"font-weight: 400;\">A multidisciplinary dance piece that exposes the traumas and frustrations of the Z generation. A grotesque portrait of the post-internet society and generation.<\/span><\/i><\/span><\/p>\n<\/div><\/div><div class=\"w-separator size_custom\" style=\"height:20px\"><\/div><div class=\"wpb_text_column us_custom_5df6a7e2\"><div class=\"wpb_wrapper\"><p><span style=\"font-family: verdana, geneva, sans-serif; font-size: 12pt;\"><b>Company<\/b><span style=\"font-weight: 400;\">: <a href=\"https:\/\/guillemjimenez.com\/\">laSADCUM<\/a><\/span><\/span><br \/>\n<span style=\"font-family: verdana, geneva, sans-serif; font-size: 12pt;\"><b>Duration: <\/b>40\u2019<\/span><br \/>\n<span style=\"font-family: verdana, geneva, sans-serif; font-size: 12pt;\"><b>Language:<\/b> <span style=\"font-weight: 400;\">Without text<\/span><\/span><br \/>\n<span style=\"font-family: verdana, geneva, sans-serif; font-size: 12pt;\"><strong>Category<\/strong>: Dance<\/span><br \/>\n<span style=\"font-family: verdana, geneva, sans-serif; font-size: 12pt;\"><b>Origin<\/b><span style=\"font-weight: 400;\">: Catalunya<\/span><\/span><br \/>\n<span style=\"font-family: verdana, geneva, sans-serif; font-size: 12pt;\"><b>Cast: <\/b>Guillem Jim\u00e9nez (int\u00e9rprete), Javi Valls(int\u00e9rprete), Laia Camps(int\u00e9rprete), Meritxell de Soto(int\u00e9rprete), Stefano de Luca (int\u00e9rprete), Pablo de Pastor (Photo credit).<\/span><\/p>\n<\/div><\/div><div class=\"w-separator size_custom\" style=\"height:20px\"><\/div><div class=\"wpb_text_column us_custom_e5aea6d2\"><div class=\"wpb_wrapper\"><p><span style=\"font-weight: 400; font-family: verdana, geneva, sans-serif;\">With movement study as the backbone of his production, <strong>Guillem Jim\u00e9nez<\/strong> works around the choreography of bodies, videos and other media. He studies at the Conservatorio Superior de Danza de Barcelona while developing his own line of work, from stage pieces and media works to installation and performance hybrids. His ongoing project <strong>laSADCUM<\/strong> incorporates the productions \u2018THE UNCANNY VALLEY\u2019 (2019), \u2018THE LESSON\u2019 (2020) and his next piece \u2018ACLUCALLS\u2019 (2021).<\/span><\/p>\n<\/div><\/div><div class=\"w-separator size_custom\" style=\"height:35px\"><\/div><div class=\"w-btn-wrapper align_left hide_on_default hide_on_laptops\"><a class=\"w-btn us-btn-style_1 us_custom_5244b821 us_animate_this\" target=\"_blank\" rel=\"nofollow\" href=\"https:\/\/tickets.kutxabank.es\/#\/es\/detalle\/0511FESTIVALACT@Janto_KB\/20SBBK\"><span class=\"w-btn-label\">BUY TICKETS FOR THE SESSION<\/span><\/a><\/div><\/div><\/div><\/div><\/div><\/section>\n","protected":false},"excerpt":{"rendered":"BUY TICKETS FOR THE SESSIONACT 2021 Award: ACLUCALLS A multidisciplinary dance piece that exposes the traumas and frustrations of the Z generation. A grotesque portrait of the post-internet society and generation. Company: laSADCUM Duration: 40\u2019 Language: Without text Category: Dance Origin: Catalunya Cast: Guillem Jim\u00e9nez (int\u00e9rprete), Javi Valls(int\u00e9rprete), Laia Camps(int\u00e9rprete), Meritxell de Soto(int\u00e9rprete), Stefano de...","protected":false},"author":1,"featured_media":0,"parent":0,"menu_order":0,"comment_status":"closed","ping_status":"closed","template":"","meta":{"_acf_changed":false,"footnotes":""},"class_list":["post-14824","page","type-page","status-publish","hentry"],"acf":[],"_links":{"self":[{"href":"https:\/\/actfestival.com\/en\/wp-json\/wp\/v2\/pages\/14824","targetHints":{"allow":["GET"]}}],"collection":[{"href":"https:\/\/actfestival.com\/en\/wp-json\/wp\/v2\/pages"}],"about":[{"href":"https:\/\/actfestival.com\/en\/wp-json\/wp\/v2\/types\/page"}],"author":[{"embeddable":true,"href":"https:\/\/actfestival.com\/en\/wp-json\/wp\/v2\/users\/1"}],"replies":[{"embeddable":true,"href":"https:\/\/actfestival.com\/en\/wp-json\/wp\/v2\/comments?post=14824"}],"version-history":[{"count":9,"href":"https:\/\/actfestival.com\/en\/wp-json\/wp\/v2\/pages\/14824\/revisions"}],"predecessor-version":[{"id":15856,"href":"https:\/\/actfestival.com\/en\/wp-json\/wp\/v2\/pages\/14824\/revisions\/15856"}],"wp:attachment":[{"href":"https:\/\/actfestival.com\/en\/wp-json\/wp\/v2\/media?parent=14824"}],"curies":[{"name":"wp","href":"https:\/\/api.w.org\/{rel}","templated":true}]}}