{"id":16321,"date":"2023-04-27T11:01:25","date_gmt":"2023-04-27T10:01:25","guid":{"rendered":"https:\/\/actfestival.com\/?page_id=16321"},"modified":"2023-05-25T13:49:26","modified_gmt":"2023-05-25T12:49:26","slug":"finale","status":"publish","type":"page","link":"https:\/\/actfestival.com\/en\/finale\/","title":{"rendered":"Finale &#8211; Delrev\u00e9s"},"content":{"rendered":"<section class=\"l-section wpb_row height_custom\"><div class=\"l-section-h i-cf\"><div class=\"g-cols vc_row via_grid cols_2 laptops-cols_inherit tablets-cols_inherit mobiles-cols_1 valign_top type_default stacking_default\"><div class=\"wpb_column vc_column_container us_custom_6217dcc9\"><div class=\"vc_column-inner\"><div class=\"w-separator size_custom\" style=\"height:35px\"><\/div><div class=\"w-image us_custom_0c6ed40b us_animate_this hide_on_tablets hide_on_mobiles align_none\"><div class=\"w-image-h\"><img decoding=\"async\" width=\"1024\" height=\"697\" src=\"https:\/\/actfestival.com\/wp-content\/uploads\/2023\/05\/finale-1-1024x697.jpg\" class=\"attachment-large size-large\" alt=\"\" loading=\"lazy\" srcset=\"https:\/\/actfestival.com\/wp-content\/uploads\/2023\/05\/finale-1-1024x697.jpg 1024w, https:\/\/actfestival.com\/wp-content\/uploads\/2023\/05\/finale-1-300x204.jpg 300w, https:\/\/actfestival.com\/wp-content\/uploads\/2023\/05\/finale-1-400x272.jpg 400w, https:\/\/actfestival.com\/wp-content\/uploads\/2023\/05\/finale-1-588x400.jpg 588w, https:\/\/actfestival.com\/wp-content\/uploads\/2023\/05\/finale-1.jpg 1469w\" sizes=\"auto, (max-width: 1024px) 100vw, 1024px\" \/><\/div><\/div><div class=\"w-image us_custom_82259c9b us_animate_this hide_on_default hide_on_laptops align_none\"><div class=\"w-image-h\"><img decoding=\"async\" width=\"1024\" height=\"697\" src=\"https:\/\/actfestival.com\/wp-content\/uploads\/2023\/05\/finale-1-1024x697.jpg\" class=\"attachment-large size-large\" alt=\"\" loading=\"lazy\" srcset=\"https:\/\/actfestival.com\/wp-content\/uploads\/2023\/05\/finale-1-1024x697.jpg 1024w, https:\/\/actfestival.com\/wp-content\/uploads\/2023\/05\/finale-1-300x204.jpg 300w, https:\/\/actfestival.com\/wp-content\/uploads\/2023\/05\/finale-1-400x272.jpg 400w, https:\/\/actfestival.com\/wp-content\/uploads\/2023\/05\/finale-1-588x400.jpg 588w, https:\/\/actfestival.com\/wp-content\/uploads\/2023\/05\/finale-1.jpg 1469w\" sizes=\"auto, (max-width: 1024px) 100vw, 1024px\" \/><\/div><\/div><div class=\"w-separator hide_on_tablets hide_on_mobiles size_custom\" style=\"height:35px\"><\/div><div class=\"w-btn-wrapper align_none hide_on_tablets hide_on_mobiles\"><a class=\"w-btn us-btn-style_1\" href=\"#\"><span class=\"w-btn-label\">Free<\/span><\/a><\/div><\/div><\/div><div class=\"wpb_column vc_column_container\"><div class=\"vc_column-inner\"><div class=\"wpb_text_column us_custom_1846d316\"><div class=\"wpb_wrapper\"><p style=\"text-align: left;\"><span style=\"font-family: verdana, geneva, sans-serif; font-size: 24pt;\"><strong>Finale<\/strong><\/span><\/p>\n<\/div><\/div><div class=\"w-separator size_custom\" style=\"height:20px\"><\/div><div class=\"wpb_text_column us_custom_e5aea6d2\"><div class=\"wpb_wrapper\"><p><em>Finale is a classical dance piece that uses architecture as a support for movement. This work represents the final result of a research process that began with the previous project, Uno, where we inserted classical dance sequences. After the complex adaptation of this discipline to a vertical plane and observing its possibilities, we continued with this research that concludes with the creation of this piece. Finale offers the spectator the possibility of enjoying classical dance in a new scenic space, decontextualizing it, transferring a ballet to a city fa\u00e7ade or a natural space. It reproduces famous classical pieces that the public will identify, compiling elements from the ballets &#8220;Swan Lake&#8221;, &#8220;The Nutcracker&#8221; and &#8220;Giselle&#8221;, among others.<\/em><\/p>\n<\/div><\/div><div class=\"w-separator size_custom\" style=\"height:20px\"><\/div><div class=\"wpb_text_column us_custom_5df6a7e2\"><div class=\"wpb_wrapper\"><p><span style=\"font-family: verdana, geneva, sans-serif; font-size: 12pt;\"><b>Company<\/b><span style=\"font-weight: 400;\">: <a href=\"https:\/\/www.del-reves.com\/?lang=es\">Delrev\u00e9s, C\u00eda. de danza vertical<\/a><\/span><\/span><br \/>\n<span style=\"font-family: verdana, geneva, sans-serif; font-size: 12pt;\"><b>Duration: <\/b>20\u2019<\/span><br \/>\n<span style=\"font-family: verdana, geneva, sans-serif; font-size: 12pt;\"><b>Language:<\/b> Without text<\/span><br \/>\n<span style=\"font-family: verdana, geneva, sans-serif; font-size: 12pt;\"><strong>Categor\u00eda<\/strong>: Vertical Dance<\/span><br \/>\n<span style=\"font-family: verdana, geneva, sans-serif; font-size: 12pt;\"><b>Origin<\/b><span style=\"font-weight: 400;\">: Catalunya<\/span><\/span><br \/>\n<span style=\"font-family: verdana, geneva, sans-serif; font-size: 12pt;\"><b>Cast:<\/b>Saioa Fern\u00e1ndez &amp; Sheila Ferrer (Direcci\u00f3n e interpretaci\u00f3n); Camille Saint-Sa\u00ebns &amp; Tchaikovsky (M\u00fasica); Frank D\u00edaz (Fotograf\u00eda); Gen\u00eds Morral (T\u00e9cnico)<\/span><\/p>\n<\/div><\/div><div class=\"w-separator size_custom\" style=\"height:20px\"><\/div><div class=\"wpb_text_column us_custom_e5aea6d2\"><div class=\"wpb_wrapper\"><p><strong>Delrev\u00e9s, a vertical dance company<\/strong> founded in Barcelona by Saioa Fern\u00e1ndez and Duardo Torres, began its artistic journey in mid-2007. Throughout these 15 years, Delrev\u00e9s has forged a solid international career, showing its work in 4 of the 5 continents. Bringing a new vision to the discipline of vertical dance, Delrev\u00e9s is the creator of a new and innovative language of his own, for which he is known and valued.<\/p>\n<p>Since some of its members participated in ACT in 2006 Delrev\u00e9s has developed a successful career both nationally and internationally, opening in 2019 for example, the T\u00e0rrega Festival or receiving the First Prize for Best Street Show in Umore Azoka, among others.<\/p>\n<\/div><\/div><div class=\"w-separator size_custom\" style=\"height:35px\"><\/div><div class=\"w-btn-wrapper align_left hide_on_default hide_on_laptops\"><a class=\"w-btn us-btn-style_1 us_custom_5244b821 us_animate_this\" href=\"#\"><span class=\"w-btn-label\">Free<\/span><\/a><\/div><\/div><\/div><\/div><\/div><\/section>\n","protected":false},"excerpt":{"rendered":"FreeFinale Finale is a classical dance piece that uses architecture as a support for movement. This work represents the final result of a research process that began with the previous project, Uno, where we inserted classical dance sequences. After the complex adaptation of this discipline to a vertical plane and observing its possibilities, we continued...","protected":false},"author":1,"featured_media":16549,"parent":0,"menu_order":0,"comment_status":"closed","ping_status":"closed","template":"","meta":{"_acf_changed":false,"footnotes":""},"class_list":["post-16321","page","type-page","status-publish","has-post-thumbnail","hentry"],"acf":[],"_links":{"self":[{"href":"https:\/\/actfestival.com\/en\/wp-json\/wp\/v2\/pages\/16321","targetHints":{"allow":["GET"]}}],"collection":[{"href":"https:\/\/actfestival.com\/en\/wp-json\/wp\/v2\/pages"}],"about":[{"href":"https:\/\/actfestival.com\/en\/wp-json\/wp\/v2\/types\/page"}],"author":[{"embeddable":true,"href":"https:\/\/actfestival.com\/en\/wp-json\/wp\/v2\/users\/1"}],"replies":[{"embeddable":true,"href":"https:\/\/actfestival.com\/en\/wp-json\/wp\/v2\/comments?post=16321"}],"version-history":[{"count":6,"href":"https:\/\/actfestival.com\/en\/wp-json\/wp\/v2\/pages\/16321\/revisions"}],"predecessor-version":[{"id":16624,"href":"https:\/\/actfestival.com\/en\/wp-json\/wp\/v2\/pages\/16321\/revisions\/16624"}],"wp:featuredmedia":[{"embeddable":true,"href":"https:\/\/actfestival.com\/en\/wp-json\/wp\/v2\/media\/16549"}],"wp:attachment":[{"href":"https:\/\/actfestival.com\/en\/wp-json\/wp\/v2\/media?parent=16321"}],"curies":[{"name":"wp","href":"https:\/\/api.w.org\/{rel}","templated":true}]}}