{"id":16323,"date":"2023-05-02T13:22:24","date_gmt":"2023-05-02T12:22:24","guid":{"rendered":"https:\/\/actfestival.com\/?page_id=16323"},"modified":"2023-05-25T13:44:35","modified_gmt":"2023-05-25T12:44:35","slug":"lazaro","status":"publish","type":"page","link":"https:\/\/actfestival.com\/en\/lazaro\/","title":{"rendered":"La resurrecci\u00f3n de L\u00e1zaro &#8211; BAI"},"content":{"rendered":"<section class=\"l-section wpb_row height_custom\"><div class=\"l-section-h i-cf\"><div class=\"g-cols vc_row via_grid cols_2 laptops-cols_inherit tablets-cols_inherit mobiles-cols_1 valign_top type_default stacking_default\"><div class=\"wpb_column vc_column_container us_custom_6217dcc9\"><div class=\"vc_column-inner\"><div class=\"w-separator size_custom\" style=\"height:35px\"><\/div><div class=\"w-image us_custom_0c6ed40b us_animate_this hide_on_tablets hide_on_mobiles align_none\"><div class=\"w-image-h\"><img decoding=\"async\" width=\"1024\" height=\"697\" src=\"https:\/\/actfestival.com\/wp-content\/uploads\/2023\/05\/lazaro-1024x697.jpg\" class=\"attachment-large size-large\" alt=\"\" loading=\"lazy\" srcset=\"https:\/\/actfestival.com\/wp-content\/uploads\/2023\/05\/lazaro-1024x697.jpg 1024w, https:\/\/actfestival.com\/wp-content\/uploads\/2023\/05\/lazaro-300x204.jpg 300w, https:\/\/actfestival.com\/wp-content\/uploads\/2023\/05\/lazaro-400x272.jpg 400w, https:\/\/actfestival.com\/wp-content\/uploads\/2023\/05\/lazaro-588x400.jpg 588w\" sizes=\"auto, (max-width: 1024px) 100vw, 1024px\" \/><\/div><\/div><div class=\"w-image us_custom_82259c9b us_animate_this hide_on_default hide_on_laptops align_none\"><div class=\"w-image-h\"><img decoding=\"async\" width=\"1024\" height=\"697\" src=\"https:\/\/actfestival.com\/wp-content\/uploads\/2023\/05\/lazaro-1024x697.jpg\" class=\"attachment-large size-large\" alt=\"\" loading=\"lazy\" srcset=\"https:\/\/actfestival.com\/wp-content\/uploads\/2023\/05\/lazaro-1024x697.jpg 1024w, https:\/\/actfestival.com\/wp-content\/uploads\/2023\/05\/lazaro-300x204.jpg 300w, https:\/\/actfestival.com\/wp-content\/uploads\/2023\/05\/lazaro-400x272.jpg 400w, https:\/\/actfestival.com\/wp-content\/uploads\/2023\/05\/lazaro-588x400.jpg 588w\" sizes=\"auto, (max-width: 1024px) 100vw, 1024px\" \/><\/div><\/div><div class=\"w-separator hide_on_tablets hide_on_mobiles size_custom\" style=\"height:35px\"><\/div><div class=\"w-btn-wrapper align_none hide_on_tablets hide_on_mobiles\"><a class=\"w-btn us-btn-style_1\" href=\"#\"><span class=\"w-btn-label\">Free<\/span><\/a><\/div><\/div><\/div><div class=\"wpb_column vc_column_container\"><div class=\"vc_column-inner\"><div class=\"wpb_text_column us_custom_1846d316\"><div class=\"wpb_wrapper\"><p style=\"text-align: left;\"><span style=\"font-family: verdana, geneva, sans-serif; font-size: 24pt;\"><strong>La resurrecci\u00f3n de L\u00e1zaro<\/strong><\/span><\/p>\n<\/div><\/div><div class=\"w-separator size_custom\" style=\"height:20px\"><\/div><div class=\"wpb_text_column us_custom_e5aea6d2\"><div class=\"wpb_wrapper\"><p><em>Free version of the entrem\u00e9s The Resurrection of Lazarus, by Dario Fo, presented by a minstrel. We are in the territory of farce, that is, of amusement based on satirizing attitudes such as intransigence or prudishness. What can happen when extraordinary facts are believed without evidence? Who takes advantage of people&#8217;s naivety?<\/em><\/p>\n<\/div><\/div><div class=\"w-separator size_custom\" style=\"height:20px\"><\/div><div class=\"wpb_text_column us_custom_5df6a7e2\"><div class=\"wpb_wrapper\"><p><strong>Company<\/strong>: 4th year BAI Eskola students.<br \/>\n<strong>Duration<\/strong>: 30&#8242;.<br \/>\n<strong>Language<\/strong>: Spanish<br \/>\n<strong>Category<\/strong>: Theater<br \/>\n<strong>Origin<\/strong>: Basque Country<br \/>\n<strong>Cast<\/strong>: Juli\u00e1n Herrero: Direction, Alazne Andr\u00e9s, Haizea Beltr\u00e1n, Mar\u00eda L\u00f3pez, Markel V\u00e1zquez, Natalie Sagone: Performancers.<\/p>\n<\/div><\/div><div class=\"w-separator size_custom\" style=\"height:20px\"><\/div><div class=\"w-btn-wrapper align_left hide_on_default hide_on_laptops\"><a class=\"w-btn us-btn-style_1 us_custom_5244b821 us_animate_this\" href=\"#\"><span class=\"w-btn-label\">Free<\/span><\/a><\/div><\/div><\/div><\/div><\/div><\/section>\n","protected":false},"excerpt":{"rendered":"FreeLa resurrecci\u00f3n de L\u00e1zaro Free version of the entrem\u00e9s The Resurrection of Lazarus, by Dario Fo, presented by a minstrel. We are in the territory of farce, that is, of amusement based on satirizing attitudes such as intransigence or prudishness. What can happen when extraordinary facts are believed without evidence? Who takes advantage of people&#8217;s...","protected":false},"author":1,"featured_media":16585,"parent":0,"menu_order":0,"comment_status":"closed","ping_status":"closed","template":"","meta":{"_acf_changed":false,"footnotes":""},"class_list":["post-16323","page","type-page","status-publish","has-post-thumbnail","hentry"],"acf":[],"_links":{"self":[{"href":"https:\/\/actfestival.com\/en\/wp-json\/wp\/v2\/pages\/16323","targetHints":{"allow":["GET"]}}],"collection":[{"href":"https:\/\/actfestival.com\/en\/wp-json\/wp\/v2\/pages"}],"about":[{"href":"https:\/\/actfestival.com\/en\/wp-json\/wp\/v2\/types\/page"}],"author":[{"embeddable":true,"href":"https:\/\/actfestival.com\/en\/wp-json\/wp\/v2\/users\/1"}],"replies":[{"embeddable":true,"href":"https:\/\/actfestival.com\/en\/wp-json\/wp\/v2\/comments?post=16323"}],"version-history":[{"count":6,"href":"https:\/\/actfestival.com\/en\/wp-json\/wp\/v2\/pages\/16323\/revisions"}],"predecessor-version":[{"id":16617,"href":"https:\/\/actfestival.com\/en\/wp-json\/wp\/v2\/pages\/16323\/revisions\/16617"}],"wp:featuredmedia":[{"embeddable":true,"href":"https:\/\/actfestival.com\/en\/wp-json\/wp\/v2\/media\/16585"}],"wp:attachment":[{"href":"https:\/\/actfestival.com\/en\/wp-json\/wp\/v2\/media?parent=16323"}],"curies":[{"name":"wp","href":"https:\/\/api.w.org\/{rel}","templated":true}]}}