{"id":19631,"date":"2025-04-17T09:15:57","date_gmt":"2025-04-17T08:15:57","guid":{"rendered":"https:\/\/actfestival.com\/?page_id=19631"},"modified":"2025-05-23T09:14:33","modified_gmt":"2025-05-23T08:14:33","slug":"crime-brule","status":"publish","type":"page","link":"https:\/\/actfestival.com\/en\/crime-brule\/","title":{"rendered":"Crime Br\u00fbl\u00e9"},"content":{"rendered":"<section class=\"l-section wpb_row height_custom\"><div class=\"l-section-h i-cf\"><div class=\"g-cols vc_row via_grid cols_2 laptops-cols_inherit tablets-cols_inherit mobiles-cols_1 valign_top type_default stacking_default\"><div class=\"wpb_column vc_column_container\"><div class=\"vc_column-inner\"><div class=\"w-separator size_custom\" style=\"height:35px\"><\/div><div class=\"w-btn-wrapper align_none\"><a class=\"w-btn us-btn-style_30\" href=\"https:\/\/www.youtube.com\/watch?v=qaLxzd4Szyg\"><span class=\"w-btn-label\">TEASER<\/span><\/a><\/div><div class=\"w-image align_none\"><div class=\"w-image-h\"><img decoding=\"async\" width=\"1024\" height=\"683\" src=\"https:\/\/actfestival.com\/wp-content\/uploads\/2025\/04\/CRIME-BRULE-2-1024x683.jpg\" class=\"attachment-large size-large\" alt=\"\" loading=\"lazy\" srcset=\"https:\/\/actfestival.com\/wp-content\/uploads\/2025\/04\/CRIME-BRULE-2-1024x683.jpg 1024w, https:\/\/actfestival.com\/wp-content\/uploads\/2025\/04\/CRIME-BRULE-2-300x200.jpg 300w, https:\/\/actfestival.com\/wp-content\/uploads\/2025\/04\/CRIME-BRULE-2-400x267.jpg 400w, https:\/\/actfestival.com\/wp-content\/uploads\/2025\/04\/CRIME-BRULE-2-600x400.jpg 600w\" sizes=\"auto, (max-width: 1024px) 100vw, 1024px\" \/><\/div><\/div><div class=\"w-separator size_custom\" style=\"height:20px\"><\/div><div class=\"wpb_text_column\"><div class=\"wpb_wrapper\"><p><strong>\u00a0June 4th\u00a0 20.30 KAFE ANTZOKIA<\/strong><\/p>\n<p><a href=\"https:\/\/www.instagram.com\/teatrodelcielo\/\">@teatrodelcielo <\/a><\/p>\n<p><a href=\"https:\/\/www.instagram.com\/crimebrule.e\/\">@crimebrule.e\u00a0<\/a><\/p>\n<\/div><\/div><\/div><\/div><div class=\"wpb_column vc_column_container\"><div class=\"vc_column-inner\"><div class=\"wpb_text_column\"><div class=\"wpb_wrapper\"><p><strong>Teatro del cielo \/ Ecuador<\/strong><\/p>\n<p>Billy J. Flash is a murderer from the 1940s who has just committed the most heinous crime in Beta City. Four<br \/>\nagents of logical and moral order, accompanied by The Irrefutable Reason, take on the mission of searching for the murderer.<\/p>\n<\/div><\/div><div class=\"wpb_text_column\"><div class=\"wpb_wrapper\"><p><strong>Company<\/strong>: TEATRO DEL CIELO<br \/><strong>Duration<\/strong>: 32&#8242;<br \/><strong>Language<\/strong>: Spanish<br \/><strong>Category<\/strong>: Physical theatre<br \/><strong>Origin<\/strong>: Ecuador<br \/><strong>Cast<\/strong>:\u00a0<span style=\"font-weight: 400;\">Eduardo Martin Pe\u00f1a Vazquez (direction, performer); Jonhy Grijalvo (t\u00e9cnico); Pepe Cueva (performer); Maria Del Mar Espinoza (performer); Gonzalo Estupi\u00f1an (performer); Marian Alejandra Fernandez (performer); Gabriela Acosta (performer)<\/span><\/p>\n<p><span style=\"font-size: 10pt;\"><strong>Teatro del Cielo<\/strong> is a company founded by the Ecuadorian actor and playwright Mart\u00edn Pe\u00f1a V\u00e1zquez and the Cuban-Ecuadorian actress Yanet G\u00f3mez. The company is based on the language of Corporal Dramatic Mime, created by Etienne Decroux, to create dramatic constructions from which characters and stories that mix reality and fantasy emerge. In the year 2023, as a result of a series of workshops held in the city of Quito. Martin structures a cast of six actors selected to continue with the line of work in the language of Corporal Mime, based on a language and a dramaturgy that has as its main engine the theatrical body. In addition to the play Crime Br\u00fcl\u00e9<\/span><\/p>\n<\/div><\/div><div class=\"w-separator size_custom\" style=\"height:20px\"><\/div><div class=\"w-separator size_custom\" style=\"height:20px\"><\/div><div class=\"w-separator size_custom\" style=\"height:20px\"><\/div><\/div><\/div><\/div><\/div><\/section>\n","protected":false},"excerpt":{"rendered":"TEASER\u00a0June 4th\u00a0 20.30 KAFE ANTZOKIA @teatrodelcielo @crimebrule.e\u00a0 Teatro del cielo \/ Ecuador Billy J. Flash is a murderer from the 1940s who has just committed the most heinous crime in Beta City. Four agents of logical and moral order, accompanied by The Irrefutable Reason, take on the mission of searching for the murderer. Company: TEATRO...","protected":false},"author":1,"featured_media":19131,"parent":0,"menu_order":0,"comment_status":"closed","ping_status":"closed","template":"","meta":{"_acf_changed":false,"footnotes":""},"class_list":["post-19631","page","type-page","status-publish","has-post-thumbnail","hentry"],"acf":[],"_links":{"self":[{"href":"https:\/\/actfestival.com\/en\/wp-json\/wp\/v2\/pages\/19631","targetHints":{"allow":["GET"]}}],"collection":[{"href":"https:\/\/actfestival.com\/en\/wp-json\/wp\/v2\/pages"}],"about":[{"href":"https:\/\/actfestival.com\/en\/wp-json\/wp\/v2\/types\/page"}],"author":[{"embeddable":true,"href":"https:\/\/actfestival.com\/en\/wp-json\/wp\/v2\/users\/1"}],"replies":[{"embeddable":true,"href":"https:\/\/actfestival.com\/en\/wp-json\/wp\/v2\/comments?post=19631"}],"version-history":[{"count":4,"href":"https:\/\/actfestival.com\/en\/wp-json\/wp\/v2\/pages\/19631\/revisions"}],"predecessor-version":[{"id":20219,"href":"https:\/\/actfestival.com\/en\/wp-json\/wp\/v2\/pages\/19631\/revisions\/20219"}],"wp:featuredmedia":[{"embeddable":true,"href":"https:\/\/actfestival.com\/en\/wp-json\/wp\/v2\/media\/19131"}],"wp:attachment":[{"href":"https:\/\/actfestival.com\/en\/wp-json\/wp\/v2\/media?parent=19631"}],"curies":[{"name":"wp","href":"https:\/\/api.w.org\/{rel}","templated":true}]}}