{"id":21519,"date":"2026-04-29T07:31:36","date_gmt":"2026-04-29T06:31:36","guid":{"rendered":"https:\/\/actfestival.com\/jarana\/"},"modified":"2026-05-03T10:19:40","modified_gmt":"2026-05-03T09:19:40","slug":"jarana","status":"publish","type":"page","link":"https:\/\/actfestival.com\/en\/jarana\/","title":{"rendered":"JARANA SP"},"content":{"rendered":"<section class=\"l-section wpb_row height_custom\"><div class=\"l-section-h i-cf\"><div class=\"g-cols vc_row via_grid cols_2 laptops-cols_inherit tablets-cols_inherit mobiles-cols_1 valign_top type_default stacking_default\"><div class=\"wpb_column vc_column_container\"><div class=\"vc_column-inner\"><div class=\"w-btn-wrapper align_none\"><a class=\"w-btn us-btn-style_30\" href=\" https:\/\/vimeo.com\/1112910604 \"><span class=\"w-btn-label\">TEASER<\/span><\/a><\/div><div class=\"w-separator size_custom\" style=\"height:35px\"><\/div><div class=\"w-image align_none\"><div class=\"w-image-h\"><img decoding=\"async\" width=\"1024\" height=\"683\" src=\"https:\/\/actfestival.com\/wp-content\/uploads\/2026\/04\/JARANA2-1024x683.jpg\" class=\"attachment-large size-large\" alt=\"\" loading=\"lazy\" srcset=\"https:\/\/actfestival.com\/wp-content\/uploads\/2026\/04\/JARANA2-1024x683.jpg 1024w, https:\/\/actfestival.com\/wp-content\/uploads\/2026\/04\/JARANA2-300x200.jpg 300w, https:\/\/actfestival.com\/wp-content\/uploads\/2026\/04\/JARANA2-400x267.jpg 400w, https:\/\/actfestival.com\/wp-content\/uploads\/2026\/04\/JARANA2-600x400.jpg 600w\" sizes=\"auto, (max-width: 1024px) 100vw, 1024px\" \/><\/div><\/div><div class=\"w-separator size_custom\" style=\"height:20px\"><\/div><div class=\"wpb_text_column\"><div class=\"wpb_wrapper\"><p><b>June the 5th,\u00a0 20,00 SALA BBK ARETOA<\/b><\/p>\n<\/div><\/div><\/div><\/div><div class=\"wpb_column vc_column_container\"><div class=\"vc_column-inner\"><div class=\"wpb_text_column\"><div class=\"wpb_wrapper\"><p><b>Cia: Laia Santanach<\/b><\/p>\n<p><b>30\u00b4<\/b><\/p>\n<p><b>Catalonia<\/b><\/p>\n<p><b>Dance<\/b><\/p>\n<p><b>Laia Santanach, Anna Hierro, Julia Sanz, Mario G. S\u00e1ez, Herv\u00e9 Guerrisi<\/b><\/p>\n<p>\u00a0<\/p>\n<\/div><\/div><div class=\"wpb_text_column\"><div class=\"wpb_wrapper\"><p align=\"justify\"><a name=\"docs-internal-guid-0e54fbdd-7fff-0352-136f-207004f4c53d\"><\/a> <span style=\"color: #333333;\"><span style=\"font-family: Verdana, Geneva, sans-serif;\"><span style=\"font-size: medium;\"><span>JARANA explores traditional collective practices that have disappeared or are in danger of disappearing. It is a celebration that invites reflection on the importance of preserving traditional celebrations while also exploring new forms of collective expression in an increasingly changing and technological world.<\/span><\/span><\/span><\/span><\/p>\n<p align=\"justify\">\u00a0<\/p>\n<\/div><\/div><div class=\"wpb_text_column\"><div class=\"wpb_wrapper\"><p align=\"justify\"><strong><span style=\"font-size: small;\"><span>Laia Santanach\u00a0 <span style=\"font-weight: 400;\">is a choreographer, dancer, and teacher from Barcelona. She has directed her own dance company, CIA Laia Santanach, since 2018. In 2016, she created her solo piece Ballant, which continues on tour. Since 2018, she has explored tradition and ritual in her works. This has led her to create a trilogy beginning with \u00c0ER, followed by TRADERE, which premiered at the Mercat de les Flors, and finally, Jarana, which premiered at Teatros del Canal in 2024 and at the Mercat de les Flors in 2025. She is the recipient of several awards, including the Premi Delf\u00ed Colom\u00e9 for \u00c0ER, the Premi Dansacat for JARANA, and was nominated for the Max Awards for JARANA, among others. Her works have been presented both nationally and internationally. Concurrently, she co-directs the Menorca Dansa festival and teaches in the dance department at the Autonomous University of Barcelona.<\/span><\/span><\/span><\/strong><\/p>\n<p align=\"justify\">\u00a0<\/p>\n<\/div><\/div><div class=\"wpb_text_column\"><div class=\"wpb_wrapper\"><p><a href=\"https:\/\/www.laiasantanach.com\/\">https:\/\/www.laiasantanach.com\/<\/a><\/p>\n<\/div><\/div><div class=\"w-separator size_custom\" style=\"height:20px\"><\/div><div class=\"w-socials color_brand shape_square style_default hover_fade\"><div class=\"w-socials-list\"><div class=\"w-socials-item instagram\"><a href=\"https:\/\/www.instagram.com\/laia_santanach\" class=\"w-socials-item-link\" aria-label=\"Instagram\"><span class=\"w-socials-item-link-hover\"><\/span><i class=\"fab fa-instagram\"><\/i><\/a><div class=\"w-socials-item-popup\"><span>Instagram<\/span><\/div><\/div><\/div><\/div><div class=\"w-separator size_custom\" style=\"height:20px\"><\/div><div class=\"w-separator size_custom\" style=\"height:20px\"><\/div><\/div><\/div><\/div><\/div><\/section>\n","protected":false},"excerpt":{"rendered":"TEASERJune the 5th,\u00a0 20,00 SALA BBK ARETOA Cia: Laia Santanach 30\u00b4 Catalonia Dance Laia Santanach, Anna Hierro, Julia Sanz, Mario G. S\u00e1ez, Herv\u00e9 Guerrisi \u00a0 JARANA explores traditional collective practices that have disappeared or are in danger of disappearing. It is a celebration that invites reflection on the importance of preserving traditional celebrations while also...","protected":false},"author":1,"featured_media":0,"parent":0,"menu_order":0,"comment_status":"closed","ping_status":"closed","template":"","meta":{"_acf_changed":false,"footnotes":""},"class_list":["post-21519","page","type-page","status-publish","hentry"],"acf":[],"_links":{"self":[{"href":"https:\/\/actfestival.com\/en\/wp-json\/wp\/v2\/pages\/21519","targetHints":{"allow":["GET"]}}],"collection":[{"href":"https:\/\/actfestival.com\/en\/wp-json\/wp\/v2\/pages"}],"about":[{"href":"https:\/\/actfestival.com\/en\/wp-json\/wp\/v2\/types\/page"}],"author":[{"embeddable":true,"href":"https:\/\/actfestival.com\/en\/wp-json\/wp\/v2\/users\/1"}],"replies":[{"embeddable":true,"href":"https:\/\/actfestival.com\/en\/wp-json\/wp\/v2\/comments?post=21519"}],"version-history":[{"count":2,"href":"https:\/\/actfestival.com\/en\/wp-json\/wp\/v2\/pages\/21519\/revisions"}],"predecessor-version":[{"id":21521,"href":"https:\/\/actfestival.com\/en\/wp-json\/wp\/v2\/pages\/21519\/revisions\/21521"}],"wp:attachment":[{"href":"https:\/\/actfestival.com\/en\/wp-json\/wp\/v2\/media?parent=21519"}],"curies":[{"name":"wp","href":"https:\/\/api.w.org\/{rel}","templated":true}]}}