{"id":14291,"date":"2022-05-17T10:38:29","date_gmt":"2022-05-17T09:38:29","guid":{"rendered":"https:\/\/actfestival.com\/?page_id=14291"},"modified":"2022-12-23T13:05:42","modified_gmt":"2022-12-23T12:05:42","slug":"escandalosas","status":"publish","type":"page","link":"https:\/\/actfestival.com\/eu\/escandalosas\/","title":{"rendered":"Personas escandalosas que no caben en este mundo"},"content":{"rendered":"<section class=\"l-section wpb_row height_custom\"><div class=\"l-section-h i-cf\"><div class=\"g-cols vc_row via_grid cols_2 laptops-cols_inherit tablets-cols_inherit mobiles-cols_1 valign_top type_default stacking_default\"><div class=\"wpb_column vc_column_container us_custom_6217dcc9\"><div class=\"vc_column-inner\"><div class=\"w-separator size_custom\" style=\"height:35px\"><\/div><div class=\"w-image us_custom_d8893260 us_animate_this hide_on_tablets hide_on_mobiles align_none\"><div class=\"w-image-h\"><img decoding=\"async\" width=\"1024\" height=\"724\" src=\"https:\/\/actfestival.com\/wp-content\/uploads\/2022\/05\/442.-Personas_02_sin-credito-1024x724.png\" class=\"attachment-large size-large\" alt=\"\" loading=\"lazy\" srcset=\"https:\/\/actfestival.com\/wp-content\/uploads\/2022\/05\/442.-Personas_02_sin-credito-1024x724.png 1024w, https:\/\/actfestival.com\/wp-content\/uploads\/2022\/05\/442.-Personas_02_sin-credito-300x212.png 300w, https:\/\/actfestival.com\/wp-content\/uploads\/2022\/05\/442.-Personas_02_sin-credito-400x283.png 400w, https:\/\/actfestival.com\/wp-content\/uploads\/2022\/05\/442.-Personas_02_sin-credito-566x400.png 566w, https:\/\/actfestival.com\/wp-content\/uploads\/2022\/05\/442.-Personas_02_sin-credito.png 1403w\" sizes=\"auto, (max-width: 1024px) 100vw, 1024px\" \/><\/div><\/div><div class=\"w-image us_custom_82259c9b us_animate_this hide_on_default hide_on_laptops align_none\"><div class=\"w-image-h\"><img decoding=\"async\" width=\"1024\" height=\"724\" src=\"https:\/\/actfestival.com\/wp-content\/uploads\/2022\/05\/442.-Personas_02_sin-credito-1024x724.png\" class=\"attachment-large size-large\" alt=\"\" loading=\"lazy\" srcset=\"https:\/\/actfestival.com\/wp-content\/uploads\/2022\/05\/442.-Personas_02_sin-credito-1024x724.png 1024w, https:\/\/actfestival.com\/wp-content\/uploads\/2022\/05\/442.-Personas_02_sin-credito-300x212.png 300w, https:\/\/actfestival.com\/wp-content\/uploads\/2022\/05\/442.-Personas_02_sin-credito-400x283.png 400w, https:\/\/actfestival.com\/wp-content\/uploads\/2022\/05\/442.-Personas_02_sin-credito-566x400.png 566w, https:\/\/actfestival.com\/wp-content\/uploads\/2022\/05\/442.-Personas_02_sin-credito.png 1403w\" sizes=\"auto, (max-width: 1024px) 100vw, 1024px\" \/><\/div><\/div><div class=\"w-separator hide_on_tablets hide_on_mobiles size_custom\" style=\"height:35px\"><\/div><div class=\"w-btn-wrapper align_left hide_on_tablets hide_on_mobiles\"><a class=\"w-btn us-btn-style_1 us_custom_1f5f827b\" target=\"_blank\" rel=\"nofollow\" href=\"https:\/\/www.teatrocampos.com\/espectaculo\/festival-acts-bilbao-teatro-2\/\"><span class=\"w-btn-label\">SAIORAKO SARRERAK EROSI<\/span><\/a><\/div><div class=\"w-separator hide_on_tablets hide_on_mobiles size_custom\" style=\"height:35px\"><\/div><div class=\"w-video hide_on_mobiles align_none ratio_16x9 has_iframe\"><div class=\"w-video-h\"><iframe title=\"Vimeo video player\" src=\"https:\/\/player.vimeo.com\/video\/671896425?autoplay=0&loop=0&autopause=0&color=00adef&portrait=0&byline=1&title=1&controls=1&muted=0\" frameborder=\"0\" allow=\"autoplay; fullscreen\" allowfullscreen loading=\"lazy\"><\/iframe><\/div><div class=\"w-video-icon\" style=\"font-size:1.5rem;background:rgba(0,0,0,0.5);color:#fff\"><\/div><\/div><\/div><\/div><div class=\"wpb_column vc_column_container\"><div class=\"vc_column-inner\"><div class=\"wpb_text_column us_custom_1846d316\"><div class=\"wpb_wrapper\"><p style=\"text-align: left;\"><span style=\"font-family: verdana, geneva, sans-serif; font-size: 24pt;\"><strong>Personas escandalosas que no caben en el mundo<\/strong><\/span><\/p>\n<\/div><\/div><div class=\"w-separator size_custom\" style=\"height:20px\"><\/div><div class=\"wpb_text_column us_custom_e5aea6d2\"><div class=\"wpb_wrapper\"><p><em><span style=\"font-weight: 400; font-family: verdana, geneva, sans-serif;\">Antzerki postdramatikoko pieza bat, non elementu eta lengoaia ezberdinak elkarrizketan eszenaratzen diren. Homofobiaren kulturaren aurkako ikuskizuna da, isiltasuna, tabua, lotsa, errua, gizarte-klasearen estigma, beldurra eta autozentsura lehertu beharretik sortua. <\/span><\/em><\/p>\n<\/div><\/div><div class=\"w-separator size_custom\" style=\"height:20px\"><\/div><div class=\"w-video hide_on_default hide_on_laptops hide_on_tablets align_none ratio_16x9 has_iframe\"><div class=\"w-video-h\"><iframe title=\"Vimeo video player\" src=\"https:\/\/player.vimeo.com\/video\/671896425?autoplay=0&loop=0&autopause=0&color=00adef&portrait=0&byline=1&title=1&controls=1&muted=0\" frameborder=\"0\" allow=\"autoplay; fullscreen\" allowfullscreen loading=\"lazy\"><\/iframe><\/div><div class=\"w-video-icon\" style=\"font-size:1.5rem;background:rgba(0,0,0,0.5);color:#fff\"><\/div><\/div><div class=\"w-separator size_custom\" style=\"height:20px\"><\/div><div class=\"wpb_text_column us_custom_5df6a7e2\"><div class=\"wpb_wrapper\"><p><span style=\"font-family: verdana, geneva, sans-serif; font-size: 12pt;\"><b>Konpainia<\/b><span style=\"font-weight: 400;\">: Orientaci\u00f3n colectiva loli<\/span><\/span><br \/>\n<span style=\"font-family: verdana, geneva, sans-serif; font-size: 12pt;\"><b>Iraupena: <\/b>30\u2019<\/span><br \/>\n<span style=\"font-family: verdana, geneva, sans-serif; font-size: 12pt;\"><b>Hizkuntza:<\/b> <span style=\"font-weight: 400;\">Gaztelera Inglesezko eta Euskarazko azpitituluekin<\/span><\/span><br \/>\n<span style=\"font-family: verdana, geneva, sans-serif; font-size: 12pt;\"><strong>Kategoria<\/strong>: Performancea<\/span><br \/>\n<span style=\"font-family: verdana, geneva, sans-serif; font-size: 12pt;\"><b>Jatorria<\/b><span style=\"font-weight: 400;\">: Bartzelona<\/span><\/span><br \/>\n<span style=\"font-family: verdana, geneva, sans-serif; font-size: 12pt;\"><b>Cast: <span style=\"font-weight: 400;\">N\u00faria Planes Llull (Performer); Agn\u00e8s Jabbour Bosacoma (Performer); Xavier Palomino Barbero (Performer); Mario Andr\u00e9s (Lighting &amp; Sound Technician)<\/span><\/b><\/span><\/p>\n<\/div><\/div><div class=\"w-separator size_custom\" style=\"height:20px\"><\/div><div class=\"wpb_text_column us_custom_e5aea6d2\"><div class=\"wpb_wrapper\"><p><span style=\"font-weight: 400; font-family: verdana, geneva, sans-serif;\"><strong>Orientaci\u00f3n Colectiva Loli (OCL)<\/strong> Bartzelonan jaio zen 2020ko irailean. Taldekideek, banakako ibilbide profesional baten ondoren, konpainia bat osatzea erabaki zuten, antzerki-ekoizpen batean elkarrekin lan egiteko gogoarekin. Lan egiteko eta konpainia kudeatzeko modu berri bat planteatu nahi izan zuten, antolaketa horizontal, feminista eta kooperatiboa sortuz eta gizarte-ikuspegi zabalagoko proiektu anitzak martxan jarriz. 2021ean, Ljubljanako (Eslovenia) Glej espazioan, Mis Bragas Fundazioarekin, &#8220;Personas escandalosas que no caben en el mundo&#8221;, lehen talde-ekoizpena prestatu zuten.<\/span><\/p>\n<\/div><\/div><div class=\"w-separator size_custom\" style=\"height:35px\"><\/div><div class=\"w-btn-wrapper align_left hide_on_default hide_on_laptops\"><a class=\"w-btn us-btn-style_1 us_custom_1f5f827b\" target=\"_blank\" rel=\"nofollow\" href=\"https:\/\/www.teatrocampos.com\/espectaculo\/festival-acts-bilbao-teatro-2\/\"><span class=\"w-btn-label\">SAIORAKO SARRERAK EROSI<\/span><\/a><\/div><\/div><\/div><\/div><\/div><\/section>\n","protected":false},"excerpt":{"rendered":"SAIORAKO SARRERAK EROSIPersonas escandalosas que no caben en el mundo Antzerki postdramatikoko pieza bat, non elementu eta lengoaia ezberdinak elkarrizketan eszenaratzen diren. Homofobiaren kulturaren aurkako ikuskizuna da, isiltasuna, tabua, lotsa, errua, gizarte-klasearen estigma, beldurra eta autozentsura lehertu beharretik sortua. Konpainia: Orientaci\u00f3n colectiva loli Iraupena: 30\u2019 Hizkuntza: Gaztelera Inglesezko eta Euskarazko azpitituluekin Kategoria: Performancea Jatorria: Bartzelona...","protected":false},"author":1,"featured_media":0,"parent":0,"menu_order":0,"comment_status":"closed","ping_status":"closed","template":"","meta":{"_acf_changed":false,"footnotes":""},"class_list":["post-14291","page","type-page","status-publish","hentry"],"acf":[],"_links":{"self":[{"href":"https:\/\/actfestival.com\/eu\/wp-json\/wp\/v2\/pages\/14291","targetHints":{"allow":["GET"]}}],"collection":[{"href":"https:\/\/actfestival.com\/eu\/wp-json\/wp\/v2\/pages"}],"about":[{"href":"https:\/\/actfestival.com\/eu\/wp-json\/wp\/v2\/types\/page"}],"author":[{"embeddable":true,"href":"https:\/\/actfestival.com\/eu\/wp-json\/wp\/v2\/users\/1"}],"replies":[{"embeddable":true,"href":"https:\/\/actfestival.com\/eu\/wp-json\/wp\/v2\/comments?post=14291"}],"version-history":[{"count":10,"href":"https:\/\/actfestival.com\/eu\/wp-json\/wp\/v2\/pages\/14291\/revisions"}],"predecessor-version":[{"id":15905,"href":"https:\/\/actfestival.com\/eu\/wp-json\/wp\/v2\/pages\/14291\/revisions\/15905"}],"wp:attachment":[{"href":"https:\/\/actfestival.com\/eu\/wp-json\/wp\/v2\/media?parent=14291"}],"curies":[{"name":"wp","href":"https:\/\/api.w.org\/{rel}","templated":true}]}}