{"id":14501,"date":"2022-05-24T09:48:39","date_gmt":"2022-05-24T08:48:39","guid":{"rendered":"https:\/\/actfestival.com\/snippets\/"},"modified":"2022-12-23T12:38:13","modified_gmt":"2022-12-23T11:38:13","slug":"belmez","status":"publish","type":"page","link":"https:\/\/actfestival.com\/eu\/belmez\/","title":{"rendered":"B\u00e9lmez"},"content":{"rendered":"<section class=\"l-section wpb_row height_custom\"><div class=\"l-section-h i-cf\"><div class=\"g-cols vc_row via_grid cols_2 laptops-cols_inherit tablets-cols_inherit mobiles-cols_1 valign_top type_default stacking_default\"><div class=\"wpb_column vc_column_container us_custom_6217dcc9\"><div class=\"vc_column-inner\"><div class=\"w-separator size_custom\" style=\"height:35px\"><\/div><div class=\"w-image us_custom_d8893260 us_animate_this hide_on_tablets hide_on_mobiles align_none\"><div class=\"w-image-h\"><img decoding=\"async\" width=\"1024\" height=\"810\" src=\"https:\/\/actfestival.com\/wp-content\/uploads\/2022\/10\/BELMEZ-1-1024x810.jpg\" class=\"attachment-large size-large\" alt=\"\" loading=\"lazy\" srcset=\"https:\/\/actfestival.com\/wp-content\/uploads\/2022\/10\/BELMEZ-1-1024x810.jpg 1024w, https:\/\/actfestival.com\/wp-content\/uploads\/2022\/10\/BELMEZ-1-300x237.jpg 300w, https:\/\/actfestival.com\/wp-content\/uploads\/2022\/10\/BELMEZ-1-400x316.jpg 400w, https:\/\/actfestival.com\/wp-content\/uploads\/2022\/10\/BELMEZ-1-506x400.jpg 506w\" sizes=\"auto, (max-width: 1024px) 100vw, 1024px\" \/><\/div><\/div><div class=\"w-image us_custom_82259c9b us_animate_this hide_on_default hide_on_laptops align_none\"><div class=\"w-image-h\"><img decoding=\"async\" width=\"1024\" height=\"810\" src=\"https:\/\/actfestival.com\/wp-content\/uploads\/2022\/10\/BELMEZ-1-1024x810.jpg\" class=\"attachment-large size-large\" alt=\"\" loading=\"lazy\" srcset=\"https:\/\/actfestival.com\/wp-content\/uploads\/2022\/10\/BELMEZ-1-1024x810.jpg 1024w, https:\/\/actfestival.com\/wp-content\/uploads\/2022\/10\/BELMEZ-1-300x237.jpg 300w, https:\/\/actfestival.com\/wp-content\/uploads\/2022\/10\/BELMEZ-1-400x316.jpg 400w, https:\/\/actfestival.com\/wp-content\/uploads\/2022\/10\/BELMEZ-1-506x400.jpg 506w\" sizes=\"auto, (max-width: 1024px) 100vw, 1024px\" \/><\/div><\/div><div class=\"w-separator hide_on_tablets hide_on_mobiles size_custom\" style=\"height:35px\"><\/div><div class=\"w-btn-wrapper align_left hide_on_tablets hide_on_mobiles\"><a class=\"w-btn us-btn-style_1 us_custom_1f5f827b\" target=\"_blank\" rel=\"nofollow\" href=\"https:\/\/www.teatrobarakaldo.com\/event\/act-festivalaspects-belmez\/\"><span class=\"w-btn-label\">SAIORAKO SARRERAK EROSI<\/span><\/a><\/div><\/div><\/div><div class=\"wpb_column vc_column_container\"><div class=\"vc_column-inner\"><div class=\"wpb_text_column us_custom_1846d316\"><div class=\"wpb_wrapper\"><p style=\"text-align: left;\"><span style=\"font-family: verdana, geneva, sans-serif; font-size: 24pt;\"><strong>B\u00e9lmez<\/strong><\/span><\/p>\n<\/div><\/div><div class=\"w-separator size_custom\" style=\"height:20px\"><\/div><div class=\"wpb_text_column us_custom_e5aea6d2\"><div class=\"wpb_wrapper\"><p style=\"text-align: left;\"><span style=\"font-family: verdana, geneva, sans-serif;\"><i>Berri ona da beste bizitza bat dagoela heriotzaren ondoren. Berri txarra da hori ere kakaztu diezazuketela. Hau nik esango dizut eta Dirk Bogardek esango dizu, galdetuz gero.<\/i><\/span><\/p>\n<\/div><\/div><div class=\"w-separator size_custom\" style=\"height:20px\"><\/div><div class=\"wpb_text_column us_custom_5df6a7e2\"><div class=\"wpb_wrapper\"><p><span style=\"font-family: verdana, geneva, sans-serif; font-size: 12pt;\"><b>Konpainia<\/b><span style=\"font-weight: 400;\">: <a href=\"https:\/\/www.instagram.com\/jabaramero\">J. B. Pedradas<\/a><\/span><\/span><br \/>\n<span style=\"font-family: verdana, geneva, sans-serif; font-size: 12pt;\"><b>Iraupena: <\/b>30\u2019<\/span><br \/>\n<span style=\"font-family: verdana, geneva, sans-serif; font-size: 12pt;\"><b>Hizkuntza:<\/b> Gaztelera Ingelesezko eta Euskarazko azpitituluekin<\/span><br \/>\n<span style=\"font-family: verdana, geneva, sans-serif; font-size: 12pt;\"><strong>Kategoria<\/strong>: Antzerkia<\/span><br \/>\n<span style=\"font-family: verdana, geneva, sans-serif; font-size: 12pt;\"><b>Jatorria<\/b><span style=\"font-weight: 400;\">: Euskal Herria<\/span><\/span><br \/>\n<span style=\"font-family: verdana, geneva, sans-serif; font-size: 12pt;\"><b>Cast: <span style=\"font-weight: 400;\">Javier Barandiaran<\/span><\/b><\/span><\/p>\n<\/div><\/div><div class=\"w-separator size_custom\" style=\"height:20px\"><\/div><div class=\"wpb_text_column us_custom_e5aea6d2\"><div class=\"wpb_wrapper\"><p><span style=\"font-weight: 400; font-family: verdana, geneva, sans-serif;\"><strong>Javier Barandiaranek<\/strong> Ados Teatroa, Trapu Zaharra eta Hika Teatroa, Th\u00e9\u00e2tre du Rivage, Th\u00e9\u00e2tre du Versant, Huts Teatroa, Rouge El\u00e9a, L &#8216;Alakran-Oscar G\u00f3mez Mata, Pez Limbo eta Mamacrea konpainiekin lan egin du aktore gisa. Metrokoadroka kolektibokoan, aktore, sortzaile edo zuzendari artistiko gisa parte hartzen du. Gainera, Oier Guillanekin batera -Metrokoadrokako kide ere badena-, sorkuntza eszenikoko tailerrak ematen ditu. Aldi berean, J. B. Pedradas alter ego-aren bidez, gurean aurkeztuko duen gisako formatu txiki-ertaineko ikuskizunak sortzen ditu bakarka.<\/span><\/p>\n<\/div><\/div><div class=\"w-separator size_custom\" style=\"height:35px\"><\/div><div class=\"w-btn-wrapper align_left hide_on_default hide_on_laptops\"><a class=\"w-btn us-btn-style_1 us_custom_1f5f827b\" target=\"_blank\" rel=\"nofollow\" href=\"https:\/\/www.teatrobarakaldo.com\/event\/act-festivalaspects-belmez\/\"><span class=\"w-btn-label\">SAIORAKO SARRERAK EROSI<\/span><\/a><\/div><\/div><\/div><\/div><\/div><\/section>\n","protected":false},"excerpt":{"rendered":"SAIORAKO SARRERAK EROSIB\u00e9lmez Berri ona da beste bizitza bat dagoela heriotzaren ondoren. Berri txarra da hori ere kakaztu diezazuketela. Hau nik esango dizut eta Dirk Bogardek esango dizu, galdetuz gero. Konpainia: J. B. Pedradas Iraupena: 30\u2019 Hizkuntza: Gaztelera Ingelesezko eta Euskarazko azpitituluekin Kategoria: Antzerkia Jatorria: Euskal Herria Cast: Javier Barandiaran Javier Barandiaranek Ados Teatroa, Trapu...","protected":false},"author":1,"featured_media":0,"parent":0,"menu_order":0,"comment_status":"closed","ping_status":"closed","template":"","meta":{"_acf_changed":false,"footnotes":""},"class_list":["post-14501","page","type-page","status-publish","hentry"],"acf":[],"_links":{"self":[{"href":"https:\/\/actfestival.com\/eu\/wp-json\/wp\/v2\/pages\/14501","targetHints":{"allow":["GET"]}}],"collection":[{"href":"https:\/\/actfestival.com\/eu\/wp-json\/wp\/v2\/pages"}],"about":[{"href":"https:\/\/actfestival.com\/eu\/wp-json\/wp\/v2\/types\/page"}],"author":[{"embeddable":true,"href":"https:\/\/actfestival.com\/eu\/wp-json\/wp\/v2\/users\/1"}],"replies":[{"embeddable":true,"href":"https:\/\/actfestival.com\/eu\/wp-json\/wp\/v2\/comments?post=14501"}],"version-history":[{"count":10,"href":"https:\/\/actfestival.com\/eu\/wp-json\/wp\/v2\/pages\/14501\/revisions"}],"predecessor-version":[{"id":15865,"href":"https:\/\/actfestival.com\/eu\/wp-json\/wp\/v2\/pages\/14501\/revisions\/15865"}],"wp:attachment":[{"href":"https:\/\/actfestival.com\/eu\/wp-json\/wp\/v2\/media?parent=14501"}],"curies":[{"name":"wp","href":"https:\/\/api.w.org\/{rel}","templated":true}]}}