{"id":14809,"date":"2022-06-10T10:03:30","date_gmt":"2022-06-10T09:03:30","guid":{"rendered":"https:\/\/actfestival.com\/?page_id=14809"},"modified":"2022-12-23T12:23:01","modified_gmt":"2022-12-23T11:23:01","slug":"aclucalls","status":"publish","type":"page","link":"https:\/\/actfestival.com\/eu\/aclucalls\/","title":{"rendered":"Aclucalls"},"content":{"rendered":"<section class=\"l-section wpb_row height_custom\"><div class=\"l-section-h i-cf\"><div class=\"g-cols vc_row via_grid cols_2 laptops-cols_inherit tablets-cols_inherit mobiles-cols_1 valign_top type_default stacking_default\"><div class=\"wpb_column vc_column_container us_custom_6217dcc9\"><div class=\"vc_column-inner\"><div class=\"w-separator size_custom\" style=\"height:35px\"><\/div><div class=\"w-image us_custom_d8893260 us_animate_this hide_on_tablets hide_on_mobiles align_none\"><div class=\"w-image-h\"><img decoding=\"async\" width=\"636\" height=\"403\" src=\"https:\/\/actfestival.com\/wp-content\/uploads\/2022\/06\/lasadcum.jpg\" class=\"attachment-large size-large\" alt=\"\" loading=\"lazy\" srcset=\"https:\/\/actfestival.com\/wp-content\/uploads\/2022\/06\/lasadcum.jpg 636w, https:\/\/actfestival.com\/wp-content\/uploads\/2022\/06\/lasadcum-300x190.jpg 300w, https:\/\/actfestival.com\/wp-content\/uploads\/2022\/06\/lasadcum-400x253.jpg 400w, https:\/\/actfestival.com\/wp-content\/uploads\/2022\/06\/lasadcum-600x380.jpg 600w\" sizes=\"auto, (max-width: 636px) 100vw, 636px\" \/><\/div><\/div><div class=\"w-image us_custom_82259c9b us_animate_this hide_on_default hide_on_laptops align_none\"><div class=\"w-image-h\"><img decoding=\"async\" width=\"636\" height=\"403\" src=\"https:\/\/actfestival.com\/wp-content\/uploads\/2022\/06\/lasadcum.jpg\" class=\"attachment-large size-large\" alt=\"\" loading=\"lazy\" srcset=\"https:\/\/actfestival.com\/wp-content\/uploads\/2022\/06\/lasadcum.jpg 636w, https:\/\/actfestival.com\/wp-content\/uploads\/2022\/06\/lasadcum-300x190.jpg 300w, https:\/\/actfestival.com\/wp-content\/uploads\/2022\/06\/lasadcum-400x253.jpg 400w, https:\/\/actfestival.com\/wp-content\/uploads\/2022\/06\/lasadcum-600x380.jpg 600w\" sizes=\"auto, (max-width: 636px) 100vw, 636px\" \/><\/div><\/div><div class=\"w-separator hide_on_tablets hide_on_mobiles size_custom\" style=\"height:35px\"><\/div><div class=\"w-btn-wrapper align_left hide_on_tablets hide_on_mobiles\"><a class=\"w-btn us-btn-style_1 us_custom_5244b821 us_animate_this\" target=\"_blank\" rel=\"nofollow\" href=\"https:\/\/tickets.kutxabank.es\/#\/es\/detalle\/0511FESTIVALACT@Janto_KB\/20SBBK\"><span class=\"w-btn-label\">SAIORAKO SARRERAK EROSI<\/span><\/a><\/div><\/div><\/div><div class=\"wpb_column vc_column_container\"><div class=\"vc_column-inner\"><div class=\"wpb_text_column us_custom_1846d316\"><div class=\"wpb_wrapper\"><p style=\"text-align: left;\"><span style=\"font-family: verdana, geneva, sans-serif; font-size: 24pt;\"><strong>ACT 2021 Saria: ACLUCALLS<\/strong><\/span><\/p>\n<\/div><\/div><div class=\"w-separator size_custom\" style=\"height:20px\"><\/div><div class=\"wpb_text_column us_custom_e5aea6d2\"><div class=\"wpb_wrapper\"><p><span style=\"font-family: verdana, geneva, sans-serif;\"><i><span style=\"font-weight: 400;\">Diziplinarteko dantza pieza, Z belaunaldiaren traumak eta frustrazioak azaltzen dituena. Internet osteko gizartearen eta belaunaldiaren erretratu groteskoa.<\/span><\/i><\/span><\/p>\n<\/div><\/div><div class=\"w-separator size_custom\" style=\"height:20px\"><\/div><div class=\"wpb_text_column us_custom_5df6a7e2\"><div class=\"wpb_wrapper\"><p><span style=\"font-family: verdana, geneva, sans-serif; font-size: 12pt;\"><b>Konpainia<\/b><span style=\"font-weight: 400;\">: <a href=\"https:\/\/guillemjimenez.com\/\">laSADCUM<\/a><\/span><\/span><br \/>\n<span style=\"font-family: verdana, geneva, sans-serif; font-size: 12pt;\"><b>Iraupena: <\/b>40\u2019<\/span><br \/>\n<span style=\"font-family: verdana, geneva, sans-serif; font-size: 12pt;\"><b>Hizkuntza:<\/b> <span style=\"font-weight: 400;\">Sin texto<\/span><\/span><br \/>\n<span style=\"font-family: verdana, geneva, sans-serif; font-size: 12pt;\"><strong>Kategoria<\/strong>: Dantza<\/span><br \/>\n<span style=\"font-family: verdana, geneva, sans-serif; font-size: 12pt;\"><b>Jatorria<\/b><span style=\"font-weight: 400;\">: Catalunya<\/span><\/span><br \/>\n<span style=\"font-family: verdana, geneva, sans-serif; font-size: 12pt;\"><b>Cast: <\/b>Guillem Jim\u00e9nez (int\u00e9rprete), Javi Valls(int\u00e9rprete), Laia Camps(int\u00e9rprete), Meritxell de Soto(int\u00e9rprete), Stefano de Luca (int\u00e9rprete), Pablo de Pastor (Photo credit).<\/span><\/p>\n<\/div><\/div><div class=\"w-separator size_custom\" style=\"height:20px\"><\/div><div class=\"wpb_text_column us_custom_e5aea6d2\"><div class=\"wpb_wrapper\"><p><span style=\"font-weight: 400; font-family: verdana, geneva, sans-serif;\">Mugimendua bere ekoizpen artistiko guztia zeharkatzen duen ardatz gisa hartuta, <strong>Guillem Jimenezek<\/strong> gorputzen, bideoen eta beste baliabide batzuen koreografiatik abiatuta lan egiten du. Bartzelonako Goi Mailako Dantza Kontserbatorioan ikasi zuen eta aldi berean lan ildo independente bat garatu zuen, pieza eszeniko edo ikus-entzunezkoetatik instalazioaren eta performancearen arteko formatu hibridoetara. Martxan dagoen <strong>laSADCUM<\/strong> proiektuak honako ekoizpen hauek ditu: &#8216;THE UNCANNY VALLEY&#8217; (2019), &#8216;THE LESSON&#8217; (2020) eta haren hurrengo pieza, &#8216;CLUCALLS&#8217; (2022).<\/span><\/p>\n<\/div><\/div><div class=\"w-separator size_custom\" style=\"height:35px\"><\/div><div class=\"w-btn-wrapper align_left hide_on_default hide_on_laptops\"><a class=\"w-btn us-btn-style_1 us_custom_5244b821 us_animate_this\" target=\"_blank\" rel=\"nofollow\" href=\"https:\/\/tickets.kutxabank.es\/#\/es\/detalle\/0511FESTIVALACT@Janto_KB\/20SBBK\"><span class=\"w-btn-label\">SAIORAKO SARRERAK EROSI<\/span><\/a><\/div><\/div><\/div><\/div><\/div><\/section>\n","protected":false},"excerpt":{"rendered":"SAIORAKO SARRERAK EROSIACT 2021 Saria: ACLUCALLS Diziplinarteko dantza pieza, Z belaunaldiaren traumak eta frustrazioak azaltzen dituena. Internet osteko gizartearen eta belaunaldiaren erretratu groteskoa. Konpainia: laSADCUM Iraupena: 40\u2019 Hizkuntza: Sin texto Kategoria: Dantza Jatorria: Catalunya Cast: Guillem Jim\u00e9nez (int\u00e9rprete), Javi Valls(int\u00e9rprete), Laia Camps(int\u00e9rprete), Meritxell de Soto(int\u00e9rprete), Stefano de Luca (int\u00e9rprete), Pablo de Pastor (Photo credit). Mugimendua...","protected":false},"author":1,"featured_media":0,"parent":0,"menu_order":0,"comment_status":"closed","ping_status":"closed","template":"","meta":{"_acf_changed":false,"footnotes":""},"class_list":["post-14809","page","type-page","status-publish","hentry"],"acf":[],"_links":{"self":[{"href":"https:\/\/actfestival.com\/eu\/wp-json\/wp\/v2\/pages\/14809","targetHints":{"allow":["GET"]}}],"collection":[{"href":"https:\/\/actfestival.com\/eu\/wp-json\/wp\/v2\/pages"}],"about":[{"href":"https:\/\/actfestival.com\/eu\/wp-json\/wp\/v2\/types\/page"}],"author":[{"embeddable":true,"href":"https:\/\/actfestival.com\/eu\/wp-json\/wp\/v2\/users\/1"}],"replies":[{"embeddable":true,"href":"https:\/\/actfestival.com\/eu\/wp-json\/wp\/v2\/comments?post=14809"}],"version-history":[{"count":10,"href":"https:\/\/actfestival.com\/eu\/wp-json\/wp\/v2\/pages\/14809\/revisions"}],"predecessor-version":[{"id":15855,"href":"https:\/\/actfestival.com\/eu\/wp-json\/wp\/v2\/pages\/14809\/revisions\/15855"}],"wp:attachment":[{"href":"https:\/\/actfestival.com\/eu\/wp-json\/wp\/v2\/media?parent=14809"}],"curies":[{"name":"wp","href":"https:\/\/api.w.org\/{rel}","templated":true}]}}