{"id":16892,"date":"2023-06-12T09:18:19","date_gmt":"2023-06-12T08:18:19","guid":{"rendered":"https:\/\/actfestival.com\/?page_id=16892"},"modified":"2024-05-17T08:52:11","modified_gmt":"2024-05-17T07:52:11","slug":"workshops-23","status":"publish","type":"page","link":"https:\/\/actfestival.com\/eu\/workshops-23\/","title":{"rendered":"Workshops 2024"},"content":{"rendered":"<section class=\"l-section wpb_row height_huge color_primary with_img parallax_ver\"><div class=\"l-section-img\" role=\"img\" data-img-width=\"960\" data-img-height=\"640\" style=\"background-image: url(https:\/\/actfestival.com\/wp-content\/uploads\/2022\/02\/subject.jpg);background-repeat: no-repeat;\"><\/div><div class=\"l-section-overlay\" style=\"background:rgba(0,187,255,0.70)\"><\/div><div class=\"l-section-h i-cf\"><div class=\"g-cols vc_row via_grid cols_2 laptops-cols_inherit tablets-cols_inherit mobiles-cols_1 valign_top type_default stacking_default\"><div class=\"wpb_column vc_column_container\"><div class=\"vc_column-inner\"><div class=\"wpb_text_column\"><div class=\"wpb_wrapper\"><h1 style=\"text-align: left;\">Workshops<br \/>\nACT 2024<\/h1>\n<\/div><\/div><\/div><\/div><div class=\"wpb_column vc_column_container\"><div class=\"vc_column-inner\"><\/div><\/div><\/div><\/div><\/section><section class=\"l-section wpb_row hide_on_default hide_on_laptops hide_on_tablets height_auto\"><div class=\"l-section-h i-cf\"><div class=\"g-cols vc_row via_grid cols_1 laptops-cols_inherit tablets-cols_inherit mobiles-cols_1 valign_top type_default stacking_default\" style=\"--columns-gap:0rem;\"><div class=\"wpb_column vc_column_container\"><div class=\"vc_column-inner\"><div class=\"wpb_text_column us_custom_7d39fe36 us_animate_this\"><div class=\"wpb_wrapper\"><h2 style=\"text-align: right;\"><strong>ACT<\/strong><em><br \/>\nWorkshop 2024<\/em><\/h2>\n<\/div><\/div><div class=\"w-separator size_medium\"><\/div><div class=\"wpb_text_column us_custom_ef675d0d us_animate_this\"><div class=\"wpb_wrapper\"><p><strong>ACT Jaialdiaren XXI. edizioan\u00a0<\/strong>ez da ikastarorik izango.<\/p>\n<\/div><\/div><\/div><\/div><\/div><\/div><\/section><section class=\"l-section wpb_row hide_on_mobiles height_auto\"><div class=\"l-section-h i-cf\"><div class=\"g-cols vc_row via_grid cols_2 laptops-cols_inherit tablets-cols_inherit mobiles-cols_1 valign_top type_default stacking_default\" style=\"--columns-gap:0rem;\"><div class=\"wpb_column vc_column_container\"><div class=\"vc_column-inner\"><div class=\"w-separator size_custom\" style=\"height:6vh\" id=\"zc12\"><style>@media(max-width:1024px){ #zc12{height:14hv!important}}@media(max-width:479px){ #zc12{height:10hv!important}}<\/style><\/div><div class=\"wpb_text_column us_custom_7d39fe36 us_animate_this\"><div class=\"wpb_wrapper\"><h2 style=\"text-align: right;\"><strong>ACT<\/strong><em><br \/>\nWorkshops 2024<\/em><\/h2>\n<\/div><\/div><div class=\"w-separator size_medium\"><\/div><div class=\"wpb_text_column us_custom_1717e9b6 us_animate_this\"><div class=\"wpb_wrapper\"><p><strong>ACT Jaialdiaren XXI. edizioan\u00a0<\/strong>ez da ikastarorik izango.<\/p>\n<\/div><\/div><\/div><\/div><div class=\"wpb_column vc_column_container us_custom_95d492f5\"><div class=\"vc_column-inner\"><div class=\"w-separator size_custom\" style=\"height:10vh\" id=\"y1fc\"><style>@media(max-width:600px){ #y1fc{height:14vh!important}}<\/style><\/div><div class=\"w-image align_none\"><div class=\"w-image-h\"><img decoding=\"async\" width=\"1836\" height=\"2560\" src=\"https:\/\/actfestival.com\/wp-content\/uploads\/2024\/04\/cartelact24definitivo-scaled.jpg\" class=\"attachment-full size-full\" alt=\"\" loading=\"lazy\" srcset=\"https:\/\/actfestival.com\/wp-content\/uploads\/2024\/04\/cartelact24definitivo-scaled.jpg 1836w, https:\/\/actfestival.com\/wp-content\/uploads\/2024\/04\/cartelact24definitivo-215x300.jpg 215w, https:\/\/actfestival.com\/wp-content\/uploads\/2024\/04\/cartelact24definitivo-734x1024.jpg 734w, https:\/\/actfestival.com\/wp-content\/uploads\/2024\/04\/cartelact24definitivo-400x558.jpg 400w, https:\/\/actfestival.com\/wp-content\/uploads\/2024\/04\/cartelact24definitivo-287x400.jpg 287w\" sizes=\"auto, (max-width: 1836px) 100vw, 1836px\" \/><\/div><\/div><\/div><\/div><\/div><\/div><\/section><section class=\"l-section wpb_row height_custom\"><div class=\"l-section-h i-cf\"><div class=\"g-cols vc_row via_grid cols_2 laptops-cols_inherit tablets-cols_inherit mobiles-cols_1 valign_top type_default stacking_default\" style=\"--columns-gap:0rem;\"><div class=\"wpb_column vc_column_container\"><div class=\"vc_column-inner\"><div class=\"w-ibanner us_custom_838d6786 animation_phorcys ratio_3x2 easing_ease\"><div class=\"w-ibanner-h\"><div class=\"w-ibanner-image\" style=\"background-image: url(https:\/\/actfestival.com\/wp-content\/uploads\/2023\/06\/fer-1024x683.jpg)\"><\/div><div class=\"w-ibanner-content\"><div class=\"w-ibanner-content-h\"><h2 class=\"w-ibanner-title\" style=\"font-size:30px;\">Fernando Montoya<\/h2><div class=\"w-ibanner-desc\"><p>Otras dramaturgias<\/p>\n<\/div><\/div><\/div><\/div><a target=\"_blank\" rel=\"nofollow\" href=\"http:\/\/bai-bai.net\/bai\/monografico-montoya\/\" aria-label=\"Fernando Montoya\"><\/a><\/div><div class=\"w-separator size_medium\"><\/div><div class=\"w-ibanner us_custom_838d6786 animation_phorcys ratio_3x2 easing_ease\"><div class=\"w-ibanner-h\"><div class=\"w-ibanner-image\" style=\"background-image: url(https:\/\/actfestival.com\/wp-content\/uploads\/2023\/06\/Iara-1024x683.jpg)\"><\/div><div class=\"w-ibanner-content\"><div class=\"w-ibanner-content-h\"><h2 class=\"w-ibanner-title\" style=\"font-size:30px;\">Iara Solano<\/h2><div class=\"w-ibanner-desc\"><p>Presencia esc\u00e9nica y creaci\u00f3n relacional<\/p>\n<\/div><\/div><\/div><\/div><a target=\"_blank\" rel=\"nofollow\" href=\"http:\/\/bai-bai.net\/bai\/monografico-iara-solano\/\" aria-label=\"Iara Solano\"><\/a><\/div><\/div><\/div><div class=\"wpb_column vc_column_container\"><div class=\"vc_column-inner\"><div class=\"w-ibanner us_custom_838d6786 animation_phorcys ratio_3x2 easing_ease\"><div class=\"w-ibanner-h\"><div class=\"w-ibanner-image\" style=\"background-image: url(https:\/\/actfestival.com\/wp-content\/uploads\/2023\/06\/urko-1024x666.jpg)\"><\/div><div class=\"w-ibanner-content\"><div class=\"w-ibanner-content-h\"><h2 class=\"w-ibanner-title\" style=\"font-size:30px;\">Urko Olazabal<\/h2><div class=\"w-ibanner-desc\"><p>Interpretaci\u00f3n a \/ ante \/ bajo \/ con c\u00e1mara y cine<\/p>\n<\/div><\/div><\/div><\/div><a target=\"_blank\" rel=\"nofollow\" href=\"http:\/\/bai-bai.net\/bai\/monografico-urko-olazabal\/\" aria-label=\"Urko Olazabal\"><\/a><\/div><div class=\"w-separator size_medium\"><\/div><div class=\"w-ibanner us_custom_838d6786 animation_phorcys ratio_3x2 easing_ease\"><div class=\"w-ibanner-h\"><div class=\"w-ibanner-image\" style=\"background-image: url(https:\/\/actfestival.com\/wp-content\/uploads\/2023\/06\/poliana-1024x683.jpg)\"><\/div><div class=\"w-ibanner-content\"><div class=\"w-ibanner-content-h\"><h2 class=\"w-ibanner-title\" style=\"font-size:30px;\">Poliana Lima<\/h2><div class=\"w-ibanner-desc\"><p>Laboratorio de investigaci\u00f3n del movimiento<\/p>\n<\/div><\/div><\/div><\/div><a target=\"_blank\" rel=\"nofollow\" href=\"http:\/\/bai-bai.net\/bai\/monografico-poliana-lima\/\" aria-label=\"Poliana Lima\"><\/a><\/div><\/div><\/div><\/div><\/div><\/section><section class=\"l-section wpb_row hide_on_default hide_on_laptops hide_on_tablets height_medium\"><div class=\"l-section-h i-cf\"><div class=\"g-cols vc_row via_grid cols_1 laptops-cols_inherit tablets-cols_inherit mobiles-cols_1 valign_top type_default stacking_default\"><div class=\"wpb_column vc_column_container\"><div class=\"vc_column-inner\"><div class=\"g-cols wpb_row us_custom_e3278ba9 via_grid cols_2 laptops-cols_inherit tablets-cols_inherit mobiles-cols_1 valign_top type_default stacking_default\" style=\"--columns-gap:2rem;\"><div class=\"wpb_column vc_column_container\"><div class=\"vc_column-inner\"><div class=\"wpb_text_column us_custom_7d39fe36 us_animate_this\"><div class=\"wpb_wrapper\"><h3 style=\"text-align: right;\"><strong><span style=\"color: #cd1c71;\">Harpidetza<\/span><br \/>\n<\/strong><em>\u00a0gure newsletterra<\/em><\/h3>\n<p>&nbsp;<\/p>\n<h3 style=\"text-align: right;\"><em>\u00a0<\/em><\/h3>\n<\/div><\/div><\/div><\/div><div class=\"wpb_column vc_column_container\"><div class=\"vc_column-inner\"><form class=\"w-form  us-field-style_1 us_custom_861f554a us_animate_this layout_ver for_cform us_form_1\" autocomplete=\"off\" action=\"https:\/\/actfestival.com\/eu\/wp-json\/wp\/v2\/pages\/16892\" method=\"post\" style=\"--fields-gap:1.9rem\"><div class=\"w-form-h\"><div class=\"w-form-row for_text required\">\r\n\t\t<div class=\"w-form-row-field\">\r\n\t\t\t\t\t\t<input aria-label=\"Izen\" type=\"text\" name=\"us_form_1_text_1\" value placeholder=\"Izen *\" data-required=\"true\" aria-required=\"true\"\/>\r\n\t\t\t<\/div>\r\n\t\t<div class=\"w-form-row-state\">Fill out this field<\/div>\r\n<\/div>\r\n<div class=\"w-form-row for_email required\">\r\n\t\t<div class=\"w-form-row-field\">\r\n\t\t\t\t\t\t<input aria-label=\"Posta\" type=\"email\" name=\"us_form_1_email_1\" value placeholder=\"Posta *\" data-required=\"true\" aria-required=\"true\"\/>\r\n\t\t\t<\/div>\r\n\t\t<div class=\"w-form-row-state\">Please enter a valid email address.<\/div>\r\n<\/div>\r\n<div class=\"w-form-row for_agreement required\">\r\n\t\t<div class=\"w-form-row-field\">\r\n\t\t\t\t<label>\r\n\t\t\t<input type=\"checkbox\" value=\"1\" data-required=\"true\" aria-required=\"true\" name=\"us_form_1_agreement_1\"\/>\r\n\t\t\t<span>Pribatutasun-politika onartzen dut.<\/span>\r\n\t\t<\/label>\r\n\t\t\t<\/div>\r\n\t\t<div class=\"w-form-row-state\">You need to agree with the terms to proceed<\/div>\r\n<\/div>\r\n<input type=\"hidden\" name=\"action\" value=\"us_ajax_cform\" \/>\r\n<input type=\"hidden\" name=\"post_id\" value=\"0\" \/>\r\n<input type=\"hidden\" name=\"form_index\" value=\"1\" \/>\r\n<div class=\"w-form-row for_submit align_none\">\r\n\t<button class=\"w-btn  us-btn-style_1\" aria-label=\"SUSCR\u00cdBETE\" type=\"submit\">\r\n\t\t<span class=\"g-preloader type_1\"><\/span>\r\n\t\t\t\t<span class=\"w-btn-label\">SUSCR\u00cdBETE<\/span>\r\n\t\t\t<\/button>\r\n\t<\/div>\r\n<\/div><div class=\"w-form-message\"><\/div><div class=\"w-form-json hidden\" onclick='return {&quot;ajaxurl&quot;:&quot;https:\\\/\\\/actfestival.com\\\/wp-admin\\\/admin-ajax.php&quot;,&quot;messages&quot;:{&quot;err_empty&quot;:&quot;Fill out this field&quot;,&quot;err_size&quot;:&quot;File size cannot exceed %s MB&quot;,&quot;err_extension&quot;:&quot;%s file type is not allowed&quot;,&quot;err_recaptcha_keys&quot;:&quot;reCAPTCHA keys are incorrect&quot;}}'><\/div><\/form><\/div><\/div><\/div><\/div><\/div><\/div><\/div><\/section><section class=\"l-section wpb_row us_custom_d4074d25 hide_on_mobiles height_medium\"><div class=\"l-section-h i-cf\"><div class=\"g-cols vc_row via_grid cols_1 laptops-cols_inherit tablets-cols_inherit mobiles-cols_1 valign_top type_default stacking_default\"><div class=\"wpb_column vc_column_container\"><div class=\"vc_column-inner\"><div class=\"g-cols wpb_row us_custom_e3278ba9 via_grid cols_2 laptops-cols_inherit tablets-cols_inherit mobiles-cols_1 valign_top type_default stacking_default\" style=\"--columns-gap:2rem;\"><div class=\"wpb_column vc_column_container\"><div class=\"vc_column-inner\"><div class=\"wpb_text_column us_custom_7d39fe36 us_animate_this\"><div class=\"wpb_wrapper\"><h3 style=\"text-align: right;\"><strong><span style=\"color: #cd1c71;\">Harpidetza<\/span><br \/>\n<\/strong><em>\u00a0gure newsletterra<\/em><\/h3>\n<p>&nbsp;<\/p>\n<h3 style=\"text-align: right;\"><em>\u00a0<\/em><\/h3>\n<\/div><\/div><\/div><\/div><div class=\"wpb_column vc_column_container\"><div class=\"vc_column-inner\"><form class=\"w-form  us-field-style_1 us_custom_861f554a us_animate_this layout_ver for_cform us_form_2\" autocomplete=\"off\" action=\"https:\/\/actfestival.com\/eu\/wp-json\/wp\/v2\/pages\/16892\" method=\"post\" style=\"--fields-gap:1.9rem\"><div class=\"w-form-h\"><div class=\"w-form-row for_text required\">\r\n\t\t<div class=\"w-form-row-field\">\r\n\t\t\t\t\t\t<input aria-label=\"Nombre\" type=\"text\" name=\"us_form_2_text_1\" value placeholder=\"Nombre *\" data-required=\"true\" aria-required=\"true\"\/>\r\n\t\t\t<\/div>\r\n\t\t<div class=\"w-form-row-state\">Fill out this field<\/div>\r\n<\/div>\r\n<div class=\"w-form-row for_email required\">\r\n\t\t<div class=\"w-form-row-field\">\r\n\t\t\t\t\t\t<input aria-label=\"Email\" type=\"email\" name=\"us_form_2_email_1\" value placeholder=\"Email *\" data-required=\"true\" aria-required=\"true\"\/>\r\n\t\t\t<\/div>\r\n\t\t<div class=\"w-form-row-state\">Please enter a valid email address.<\/div>\r\n<\/div>\r\n<div class=\"w-form-row for_agreement required\">\r\n\t\t<div class=\"w-form-row-field\">\r\n\t\t\t\t<label>\r\n\t\t\t<input type=\"checkbox\" value=\"1\" data-required=\"true\" aria-required=\"true\" name=\"us_form_2_agreement_1\"\/>\r\n\t\t\t<span>Pribatutasun-politika onartzen dut.<\/span>\r\n\t\t<\/label>\r\n\t\t\t<\/div>\r\n\t\t<div class=\"w-form-row-state\">You need to agree with the terms to proceed<\/div>\r\n<\/div>\r\n<input type=\"hidden\" name=\"action\" value=\"us_ajax_cform\" \/>\r\n<input type=\"hidden\" name=\"post_id\" value=\"0\" \/>\r\n<input type=\"hidden\" name=\"form_index\" value=\"2\" \/>\r\n<div class=\"w-form-row for_submit align_none\">\r\n\t<button class=\"w-btn  us-btn-style_1\" aria-label=\"SUSCR\u00cdBETE\" type=\"submit\">\r\n\t\t<span class=\"g-preloader type_1\"><\/span>\r\n\t\t\t\t<span class=\"w-btn-label\">SUSCR\u00cdBETE<\/span>\r\n\t\t\t<\/button>\r\n\t<\/div>\r\n<\/div><div class=\"w-form-message\"><\/div><div class=\"w-form-json hidden\" onclick='return {&quot;ajaxurl&quot;:&quot;https:\\\/\\\/actfestival.com\\\/wp-admin\\\/admin-ajax.php&quot;,&quot;messages&quot;:{&quot;err_empty&quot;:&quot;Fill out this field&quot;,&quot;err_size&quot;:&quot;File size cannot exceed %s MB&quot;,&quot;err_extension&quot;:&quot;%s file type is not allowed&quot;,&quot;err_recaptcha_keys&quot;:&quot;reCAPTCHA keys are incorrect&quot;}}'><\/div><\/form><\/div><\/div><\/div><\/div><\/div><\/div><\/div><\/section>\n","protected":false},"excerpt":{"rendered":"Workshops ACT 2024 ACT Workshop 2024 ACT Jaialdiaren XXI. edizioan\u00a0ez da ikastarorik izango. ACT Workshops 2024 ACT Jaialdiaren XXI. edizioan\u00a0ez da ikastarorik izango. Fernando MontoyaOtras dramaturgias Iara SolanoPresencia esc\u00e9nica y creaci\u00f3n relacional Urko OlazabalInterpretaci\u00f3n a \/ ante \/ bajo \/ con c\u00e1mara y cine Poliana LimaLaboratorio de investigaci\u00f3n del movimiento Harpidetza \u00a0gure newsletterra &nbsp; \u00a0...","protected":false},"author":1,"featured_media":0,"parent":0,"menu_order":0,"comment_status":"closed","ping_status":"closed","template":"","meta":{"_acf_changed":false,"footnotes":""},"class_list":["post-16892","page","type-page","status-publish","hentry"],"acf":[],"_links":{"self":[{"href":"https:\/\/actfestival.com\/eu\/wp-json\/wp\/v2\/pages\/16892","targetHints":{"allow":["GET"]}}],"collection":[{"href":"https:\/\/actfestival.com\/eu\/wp-json\/wp\/v2\/pages"}],"about":[{"href":"https:\/\/actfestival.com\/eu\/wp-json\/wp\/v2\/types\/page"}],"author":[{"embeddable":true,"href":"https:\/\/actfestival.com\/eu\/wp-json\/wp\/v2\/users\/1"}],"replies":[{"embeddable":true,"href":"https:\/\/actfestival.com\/eu\/wp-json\/wp\/v2\/comments?post=16892"}],"version-history":[{"count":11,"href":"https:\/\/actfestival.com\/eu\/wp-json\/wp\/v2\/pages\/16892\/revisions"}],"predecessor-version":[{"id":17751,"href":"https:\/\/actfestival.com\/eu\/wp-json\/wp\/v2\/pages\/16892\/revisions\/17751"}],"wp:attachment":[{"href":"https:\/\/actfestival.com\/eu\/wp-json\/wp\/v2\/media?parent=16892"}],"curies":[{"name":"wp","href":"https:\/\/api.w.org\/{rel}","templated":true}]}}