{"id":19629,"date":"2025-04-17T09:15:57","date_gmt":"2025-04-17T08:15:57","guid":{"rendered":"https:\/\/actfestival.com\/?page_id=19629"},"modified":"2025-05-23T09:13:08","modified_gmt":"2025-05-23T08:13:08","slug":"crime-brule","status":"publish","type":"page","link":"https:\/\/actfestival.com\/eu\/crime-brule\/","title":{"rendered":"Crime Br\u00fbl\u00e9"},"content":{"rendered":"<section class=\"l-section wpb_row height_custom\"><div class=\"l-section-h i-cf\"><div class=\"g-cols vc_row via_grid cols_2 laptops-cols_inherit tablets-cols_inherit mobiles-cols_1 valign_top type_default stacking_default\"><div class=\"wpb_column vc_column_container\"><div class=\"vc_column-inner\"><div class=\"w-separator size_custom\" style=\"height:35px\"><\/div><div class=\"w-btn-wrapper align_none\"><a class=\"w-btn us-btn-style_30\" href=\"https:\/\/www.youtube.com\/watch?v=qaLxzd4Szyg\"><span class=\"w-btn-label\">TEASER<\/span><\/a><\/div><div class=\"w-image align_none\"><div class=\"w-image-h\"><img decoding=\"async\" width=\"1024\" height=\"683\" src=\"https:\/\/actfestival.com\/wp-content\/uploads\/2025\/04\/CRIME-BRULE-2-1024x683.jpg\" class=\"attachment-large size-large\" alt=\"\" loading=\"lazy\" srcset=\"https:\/\/actfestival.com\/wp-content\/uploads\/2025\/04\/CRIME-BRULE-2-1024x683.jpg 1024w, https:\/\/actfestival.com\/wp-content\/uploads\/2025\/04\/CRIME-BRULE-2-300x200.jpg 300w, https:\/\/actfestival.com\/wp-content\/uploads\/2025\/04\/CRIME-BRULE-2-400x267.jpg 400w, https:\/\/actfestival.com\/wp-content\/uploads\/2025\/04\/CRIME-BRULE-2-600x400.jpg 600w\" sizes=\"auto, (max-width: 1024px) 100vw, 1024px\" \/><\/div><\/div><div class=\"w-separator size_custom\" style=\"height:20px\"><\/div><div class=\"wpb_text_column\"><div class=\"wpb_wrapper\"><p><strong>\u00a0Ekainak 4\u00a0 20.30 KAFE ANTZOKIA<\/strong><\/p>\n<p><a href=\"https:\/\/www.instagram.com\/teatrodelcielo\/\">@teatrodelcielo <\/a><\/p>\n<p><a href=\"https:\/\/www.instagram.com\/crimebrule.e\/\">@crimebrule.e\u00a0<\/a><\/p>\n<\/div><\/div><\/div><\/div><div class=\"wpb_column vc_column_container\"><div class=\"vc_column-inner\"><div class=\"wpb_text_column\"><div class=\"wpb_wrapper\"><p><strong>Teatro del cielo \/ Ecuador<\/strong><\/p>\n<p>Billy J. Flash 40ko hamarkadako hiltzailea da, eta Beta Hiriko<br \/>krimenik lazgarriena egin berri du.<br \/>Ordena logiko eta moraleko lau agentek, Arrazoi Ukaezina lagun dutela, hiltzailea bilatzeko ardura hartu dute.<\/p>\n<\/div><\/div><div class=\"wpb_text_column\"><div class=\"wpb_wrapper\"><p><span style=\"font-size: 10pt;\"><strong>Taldea<\/strong>: TEATRO DEL CIELO<\/span><br \/><span style=\"font-size: 10pt;\"><strong>Iraupena<\/strong>: 32\u2019<\/span><br \/><span style=\"font-size: 10pt;\"><strong>Hizkuntza<\/strong>: Gaztelania<\/span><br \/><span style=\"font-size: 10pt;\"><strong>Categor\u00eda<\/strong>: Antzerki fisikoa<\/span><br \/><span style=\"font-size: 10pt;\"><strong>Jatorria<\/strong>: Ekuador<\/span><br \/><span style=\"font-size: 10pt;\"><strong>Cast<\/strong>:\u00a0<\/span><span style=\"font-weight: 400;\">Eduardo Martin Pe\u00f1a Vazquez (zuzendaritza, antzezlea); Jonhy Grijalvo (teknikaria); Pepe Cueva (antzezlea); Maria Del Mar Espinoza (antzezlea); Gonzalo Estupi\u00f1an (antzezlea); Marian Alejandra Fernandez (antzezlea); Gabriela Acosta (antzezlea)<\/span><\/p>\n<p><span style=\"font-size: 10pt;\"><strong>Teatro del Cielo<\/strong> Ekuadorko Mart\u00edn Pe\u00f1a V\u00e1zquez aktore eta antzerkigileak eta Ekuadorko <\/span><span style=\"font-size: 10pt;\">Yanet G\u00f3mez aktore kubatarrak sortutako konpainia da. Konpainiak Etienne Decrouxek <\/span><span style=\"font-size: 10pt;\">sortutako Gorputz Mimo Dramatikoaren hizkuntza hartzen du oinarri, errealitatea eta <\/span><span style=\"font-size: 10pt;\">fantasia nahasten dituzten pertsonaiak eta istorioak sortzen dituzten eraikuntza dramatikoak <\/span><span style=\"font-size: 10pt;\">egiteko. 2023an, Quito hirian egindako tailer batzuen ondorioz. Martinek hautatutako sei <\/span><span style=\"font-size: 10pt;\">aktorez osatutako zerrenda bat egituratzen du, gorputz-mimoaren hizkuntzan lan-ildoarekin <\/span><span style=\"font-size: 10pt;\">jarraitzeko, antzerki-gorputza motor nagusi duen hizkuntza eta dramaturgia batean <\/span><span style=\"font-size: 10pt;\">oinarrituta. Crime Br\u00fcl\u00e9 obraz gain, 2024ko apirilean aurkeztutako El Gran Viaje obraren <\/span><span style=\"font-size: 10pt;\">muntaia azpimarra dezakegu.<\/span><\/p>\n<\/div><\/div><div class=\"w-separator size_custom\" style=\"height:20px\"><\/div><div class=\"w-separator size_custom\" style=\"height:20px\"><\/div><div class=\"w-separator size_custom\" style=\"height:20px\"><\/div><\/div><\/div><\/div><\/div><\/section>\n","protected":false},"excerpt":{"rendered":"TEASER\u00a0Ekainak 4\u00a0 20.30 KAFE ANTZOKIA @teatrodelcielo @crimebrule.e\u00a0 Teatro del cielo \/ Ecuador Billy J. Flash 40ko hamarkadako hiltzailea da, eta Beta Hirikokrimenik lazgarriena egin berri du.Ordena logiko eta moraleko lau agentek, Arrazoi Ukaezina lagun dutela, hiltzailea bilatzeko ardura hartu dute. Taldea: TEATRO DEL CIELOIraupena: 32\u2019Hizkuntza: GaztelaniaCategor\u00eda: Antzerki fisikoaJatorria: EkuadorCast:\u00a0Eduardo Martin Pe\u00f1a Vazquez (zuzendaritza, antzezlea); Jonhy...","protected":false},"author":1,"featured_media":19130,"parent":0,"menu_order":0,"comment_status":"closed","ping_status":"closed","template":"","meta":{"_acf_changed":false,"footnotes":""},"class_list":["post-19629","page","type-page","status-publish","has-post-thumbnail","hentry"],"acf":[],"_links":{"self":[{"href":"https:\/\/actfestival.com\/eu\/wp-json\/wp\/v2\/pages\/19629","targetHints":{"allow":["GET"]}}],"collection":[{"href":"https:\/\/actfestival.com\/eu\/wp-json\/wp\/v2\/pages"}],"about":[{"href":"https:\/\/actfestival.com\/eu\/wp-json\/wp\/v2\/types\/page"}],"author":[{"embeddable":true,"href":"https:\/\/actfestival.com\/eu\/wp-json\/wp\/v2\/users\/1"}],"replies":[{"embeddable":true,"href":"https:\/\/actfestival.com\/eu\/wp-json\/wp\/v2\/comments?post=19629"}],"version-history":[{"count":6,"href":"https:\/\/actfestival.com\/eu\/wp-json\/wp\/v2\/pages\/19629\/revisions"}],"predecessor-version":[{"id":20218,"href":"https:\/\/actfestival.com\/eu\/wp-json\/wp\/v2\/pages\/19629\/revisions\/20218"}],"wp:featuredmedia":[{"embeddable":true,"href":"https:\/\/actfestival.com\/eu\/wp-json\/wp\/v2\/media\/19130"}],"wp:attachment":[{"href":"https:\/\/actfestival.com\/eu\/wp-json\/wp\/v2\/media?parent=19629"}],"curies":[{"name":"wp","href":"https:\/\/api.w.org\/{rel}","templated":true}]}}