{"id":21417,"date":"2026-04-29T07:31:36","date_gmt":"2026-04-29T06:31:36","guid":{"rendered":"https:\/\/actfestival.com\/jarana\/"},"modified":"2026-05-02T09:23:57","modified_gmt":"2026-05-02T08:23:57","slug":"jarana","status":"publish","type":"page","link":"https:\/\/actfestival.com\/eu\/jarana\/","title":{"rendered":"JARANA SP"},"content":{"rendered":"<section class=\"l-section wpb_row height_custom\"><div class=\"l-section-h i-cf\"><div class=\"g-cols vc_row via_grid cols_2 laptops-cols_inherit tablets-cols_inherit mobiles-cols_1 valign_top type_default stacking_default\"><div class=\"wpb_column vc_column_container\"><div class=\"vc_column-inner\"><div class=\"w-btn-wrapper align_none\"><a class=\"w-btn us-btn-style_30\" href=\" https:\/\/vimeo.com\/1112910604 \"><span class=\"w-btn-label\">TEASER<\/span><\/a><\/div><div class=\"w-separator size_custom\" style=\"height:35px\"><\/div><div class=\"w-image align_none\"><div class=\"w-image-h\"><img decoding=\"async\" width=\"1024\" height=\"683\" src=\"https:\/\/actfestival.com\/wp-content\/uploads\/2026\/04\/JARANA2-1024x683.jpg\" class=\"attachment-large size-large\" alt=\"\" loading=\"lazy\" srcset=\"https:\/\/actfestival.com\/wp-content\/uploads\/2026\/04\/JARANA2-1024x683.jpg 1024w, https:\/\/actfestival.com\/wp-content\/uploads\/2026\/04\/JARANA2-300x200.jpg 300w, https:\/\/actfestival.com\/wp-content\/uploads\/2026\/04\/JARANA2-400x267.jpg 400w, https:\/\/actfestival.com\/wp-content\/uploads\/2026\/04\/JARANA2-600x400.jpg 600w\" sizes=\"auto, (max-width: 1024px) 100vw, 1024px\" \/><\/div><\/div><div class=\"w-separator size_custom\" style=\"height:20px\"><\/div><div class=\"wpb_text_column\"><div class=\"wpb_wrapper\"><p><b>Ekainak 5, 20,00 SALA BBK ARETOA<\/b><\/p>\n<\/div><\/div><\/div><\/div><div class=\"wpb_column vc_column_container\"><div class=\"vc_column-inner\"><div class=\"wpb_text_column\"><div class=\"wpb_wrapper\"><p><b>Cia: Laia Santanach<\/b><\/p>\n<p><b>30\u00b4<\/b><\/p>\n<p><b>Catalunya<\/b><\/p>\n<p><b>Dantza<\/b><\/p>\n<p><b>Laia Santanach, Anna Hierro, Julia Sanz, Mario G. S\u00e1ez, Herv\u00e9 Guerrisi<\/b><\/p>\n<p>\u00a0<\/p>\n<\/div><\/div><div class=\"wpb_text_column\"><div class=\"wpb_wrapper\"><p align=\"justify\"><a name=\"docs-internal-guid-97716540-7fff-c8c5-fb5e-8ce2c6342fed\"><\/a> JARANAk desagertuta edo desagertzeko arriskuan dauden praktika tradizional kolektiboak ikertzen ditu. Ospakizun tradizionalak mantentzearen garrantziari buruz hausnartzera eta, aldi berean, gero eta aldakorragoa eta teknologikoagoa den mundu honetan adierazpen kolektiborako modu berriak esploratzera bultzatzen duen ospakizun bat da.<\/p>\n<p align=\"justify\">\u00a0<\/p>\n<\/div><\/div><div class=\"wpb_text_column\"><div class=\"wpb_wrapper\"><p align=\"justify\"><a name=\"docs-internal-guid-02226ea6-7fff-9720-5419-f2f92eb9f5c7\"><\/a> <span style=\"font-size: small;\"><span><strong>Laia Santanach<\/strong> Bartzelonako koreografa, dantzari eta pedagoga da. CIA Laia Santanach dantza konpainia propioa zuzentzen du 2018tik. 2016an bere bakarlana, Ballant bailamos, sortu zuen eta biran jarraitzen du. 2018tik, tradizioa eta errituala ikertzen ditu bere lanetan. Horrela, trilogia bat sortu du, \u00c0ER-etik hasita, ondoren TRADERE Mercat de les Flors-en estreinatua eta azkenik Jarana Teatros del Canal 2024-n eta Mercat de les Flors 2025-en estreinatua. Hainbat sari irabazi ditu, Premi Delf\u00ed Colom\u00e9 \u00c0er-engatik, Premi Dansacat Jarana-rengatik eta Max sarietarako hautagaia izan da Jarana-rengatik, besteak beste. Bere sorkuntzak nazioan eta nazioartean aurkeztu dira. Aldi berean, Menorca jaialdia zuzentzen du Dansan, eta irakaslea da Bartzelonako Unibertsitate Autonomoko dantza-gelan.<\/span><\/span><\/p>\n<p align=\"justify\">\u00a0<\/p>\n<\/div><\/div><div class=\"wpb_text_column\"><div class=\"wpb_wrapper\"><p><a href=\"https:\/\/www.laiasantanach.com\/\">https:\/\/www.laiasantanach.com\/<\/a><\/p>\n<\/div><\/div><div class=\"w-separator size_custom\" style=\"height:20px\"><\/div><div class=\"w-socials color_brand shape_square style_default hover_fade\"><div class=\"w-socials-list\"><div class=\"w-socials-item instagram\"><a href=\"https:\/\/www.instagram.com\/laia_santanach\" class=\"w-socials-item-link\" aria-label=\"Instagram\"><span class=\"w-socials-item-link-hover\"><\/span><i class=\"fab fa-instagram\"><\/i><\/a><div class=\"w-socials-item-popup\"><span>Instagram<\/span><\/div><\/div><\/div><\/div><div class=\"w-separator size_custom\" style=\"height:20px\"><\/div><div class=\"w-separator size_custom\" style=\"height:20px\"><\/div><\/div><\/div><\/div><\/div><\/section>\n","protected":false},"excerpt":{"rendered":"TEASEREkainak 5, 20,00 SALA BBK ARETOA Cia: Laia Santanach 30\u00b4 Catalunya Dantza Laia Santanach, Anna Hierro, Julia Sanz, Mario G. S\u00e1ez, Herv\u00e9 Guerrisi \u00a0 JARANAk desagertuta edo desagertzeko arriskuan dauden praktika tradizional kolektiboak ikertzen ditu. Ospakizun tradizionalak mantentzearen garrantziari buruz hausnartzera eta, aldi berean, gero eta aldakorragoa eta teknologikoagoa den mundu honetan adierazpen kolektiborako modu...","protected":false},"author":1,"featured_media":0,"parent":0,"menu_order":0,"comment_status":"closed","ping_status":"closed","template":"","meta":{"_acf_changed":false,"footnotes":""},"class_list":["post-21417","page","type-page","status-publish","hentry"],"acf":[],"_links":{"self":[{"href":"https:\/\/actfestival.com\/eu\/wp-json\/wp\/v2\/pages\/21417","targetHints":{"allow":["GET"]}}],"collection":[{"href":"https:\/\/actfestival.com\/eu\/wp-json\/wp\/v2\/pages"}],"about":[{"href":"https:\/\/actfestival.com\/eu\/wp-json\/wp\/v2\/types\/page"}],"author":[{"embeddable":true,"href":"https:\/\/actfestival.com\/eu\/wp-json\/wp\/v2\/users\/1"}],"replies":[{"embeddable":true,"href":"https:\/\/actfestival.com\/eu\/wp-json\/wp\/v2\/comments?post=21417"}],"version-history":[{"count":3,"href":"https:\/\/actfestival.com\/eu\/wp-json\/wp\/v2\/pages\/21417\/revisions"}],"predecessor-version":[{"id":21420,"href":"https:\/\/actfestival.com\/eu\/wp-json\/wp\/v2\/pages\/21417\/revisions\/21420"}],"wp:attachment":[{"href":"https:\/\/actfestival.com\/eu\/wp-json\/wp\/v2\/media?parent=21417"}],"curies":[{"name":"wp","href":"https:\/\/api.w.org\/{rel}","templated":true}]}}