{"id":21430,"date":"2026-04-29T08:07:41","date_gmt":"2026-04-29T07:07:41","guid":{"rendered":"https:\/\/actfestival.com\/twist-again\/"},"modified":"2026-05-02T09:46:35","modified_gmt":"2026-05-02T08:46:35","slug":"twist-again","status":"publish","type":"page","link":"https:\/\/actfestival.com\/eu\/twist-again\/","title":{"rendered":"Twist again"},"content":{"rendered":"<section class=\"l-section wpb_row height_custom\"><div class=\"l-section-h i-cf\"><div class=\"g-cols vc_row via_grid cols_2 laptops-cols_inherit tablets-cols_inherit mobiles-cols_1 valign_top type_default stacking_default\"><div class=\"wpb_column vc_column_container\"><div class=\"vc_column-inner\"><div class=\"w-separator size_custom\" style=\"height:35px\"><\/div><div class=\"w-image has_ratio align_none\"><a href=\"www.actfestival.com\/hasta-cuando\" aria-label=\"Twist again cie MF\" class=\"w-image-h\"><div style=\"padding-bottom:100%\"><\/div><img decoding=\"async\" width=\"724\" height=\"1024\" src=\"https:\/\/actfestival.com\/wp-content\/uploads\/2026\/04\/Twist-again-cie-MF-724x1024.jpeg\" class=\"attachment-large size-large\" alt=\"\" loading=\"lazy\" \/><\/a><\/div><div class=\"w-separator size_custom\" style=\"height:20px\"><\/div><div class=\"wpb_text_column\"><div class=\"wpb_wrapper\"><p><b>Ekainak 6,\u00a0 20,00 SALA BBK ARETOA<\/b><\/p>\n<\/div><\/div><\/div><\/div><div class=\"wpb_column vc_column_container\"><div class=\"vc_column-inner\"><div class=\"wpb_text_column\"><div class=\"wpb_wrapper\"><p><span style=\"color: #1a1a1a;\"><b>Cia MF | Maxime &amp; Francesco\u00a0<\/b><\/span><\/p>\n<p><span style=\"color: #1a1a1a;\"><b>20-30&#8242;<\/b><\/span><\/p>\n<p><span style=\"color: #1a1a1a;\"><b>Dantza Garaikidea<\/b><\/span><\/p>\n<p><span style=\"color: #1a1a1a;\"><b>Frantzia<\/b><\/span><\/p>\n<p><span style=\"color: #1a1a1a;\"><b>CAST :Francesco Colaleo, Maxime Freixas \u00a0(koreograf\u00eda eta interpretazioa)\u00a0<\/b><\/span><\/p>\n<p><span style=\"color: #1a1a1a;\"><b> Ekoizpena: cie MF<\/b><\/span><\/p>\n<p><span style=\"color: #339966;\"><strong>PREMIO ACT RESIDENCY 2025<\/strong><\/span><\/p>\n<p>\u00a0<\/p>\n<\/div><\/div><div class=\"wpb_text_column\"><div class=\"wpb_wrapper\"><p align=\"justify\"><a name=\"docs-internal-guid-5b5e5f9b-7fff-4081-3686-9109ceae77d3\"><\/a> Sorkuntza prozesuan dagoen dantza garaikideko duo bat da, erresidentzia irteera baten baitan aurrerabidean dagoen lan gisa aurkeztua.<\/p>\n<p align=\"justify\">Piezak twist-aren energia kutsakorra eta Twister jokoaren dimentsio ludiko eta aurreikusi ezina lotzen ditu.<\/p>\n<p align=\"justify\">\u00a0<\/p>\n<\/div><\/div><div class=\"wpb_text_column\"><div class=\"wpb_wrapper\"><p align=\"justify\"><span style=\"font-size: small;\"><span><strong>Cie MF | Maxime &amp; Francesco<\/strong> es una compa\u00f1\u00eda de danza contempor\u00e1nea y teatro f\u00edsico con base en Lyon. Sus fundadores son M|Maxime Freixas y F|Francesco Colaleo,\u00a0 performers, core\u00f3grafos y profesores de danza.\u00a0<\/span><\/span><\/p>\n<p align=\"justify\"><span style=\"font-size: small;\">Su trabajo se centra en la exploraci\u00f3n con tintes humor\u00edsticos del cuerpo, el ritmo y el espacio. Defienden y cuestionan la relaci\u00f3n con el p\u00fablico, para que la propuesta art\u00edstica sea accesible a todas las personas. <\/span><\/p>\n<p align=\"justify\">\u00a0<\/p>\n<\/div><\/div><div class=\"wpb_text_column\"><div class=\"wpb_wrapper\"><p><a href=\"http:\/\/www.ciemaximefrancesco.com\"><span style=\"font-weight: 400;\">www.ciemaximefrancesco.com<\/span><\/a><\/p>\n<\/div><\/div><div class=\"w-separator size_custom\" style=\"height:20px\"><\/div><div class=\"w-socials color_brand shape_square style_default hover_fade\"><div class=\"w-socials-list\"><div class=\"w-socials-item instagram\"><a href=\"https:\/\/www.instagram.com\/_compagnie_mf_\/\" class=\"w-socials-item-link\" aria-label=\"Instagram\"><span class=\"w-socials-item-link-hover\"><\/span><i class=\"fab fa-instagram\"><\/i><\/a><div class=\"w-socials-item-popup\"><span>Instagram<\/span><\/div><\/div><div class=\"w-socials-item facebook\"><a href=\"www.facebook.com\/compagnieMF\/\" class=\"w-socials-item-link\" aria-label=\"Facebook\"><span class=\"w-socials-item-link-hover\"><\/span><i class=\"fab fa-facebook\"><\/i><\/a><div class=\"w-socials-item-popup\"><span>Facebook<\/span><\/div><\/div><\/div><\/div><div class=\"w-separator size_custom\" style=\"height:20px\"><\/div><div class=\"w-separator size_custom\" style=\"height:20px\"><\/div><\/div><\/div><\/div><\/div><\/section>\n","protected":false},"excerpt":{"rendered":"Ekainak 6,\u00a0 20,00 SALA BBK ARETOA Cia MF | Maxime &amp; Francesco\u00a0 20-30&#8242; Dantza Garaikidea Frantzia CAST :Francesco Colaleo, Maxime Freixas \u00a0(koreograf\u00eda eta interpretazioa)\u00a0 Ekoizpena: cie MF PREMIO ACT RESIDENCY 2025 \u00a0 Sorkuntza prozesuan dagoen dantza garaikideko duo bat da, erresidentzia irteera baten baitan aurrerabidean dagoen lan gisa aurkeztua. Piezak twist-aren energia kutsakorra eta Twister...","protected":false},"author":1,"featured_media":0,"parent":0,"menu_order":0,"comment_status":"closed","ping_status":"closed","template":"","meta":{"_acf_changed":false,"footnotes":""},"class_list":["post-21430","page","type-page","status-publish","hentry"],"acf":[],"_links":{"self":[{"href":"https:\/\/actfestival.com\/eu\/wp-json\/wp\/v2\/pages\/21430","targetHints":{"allow":["GET"]}}],"collection":[{"href":"https:\/\/actfestival.com\/eu\/wp-json\/wp\/v2\/pages"}],"about":[{"href":"https:\/\/actfestival.com\/eu\/wp-json\/wp\/v2\/types\/page"}],"author":[{"embeddable":true,"href":"https:\/\/actfestival.com\/eu\/wp-json\/wp\/v2\/users\/1"}],"replies":[{"embeddable":true,"href":"https:\/\/actfestival.com\/eu\/wp-json\/wp\/v2\/comments?post=21430"}],"version-history":[{"count":2,"href":"https:\/\/actfestival.com\/eu\/wp-json\/wp\/v2\/pages\/21430\/revisions"}],"predecessor-version":[{"id":21432,"href":"https:\/\/actfestival.com\/eu\/wp-json\/wp\/v2\/pages\/21430\/revisions\/21432"}],"wp:attachment":[{"href":"https:\/\/actfestival.com\/eu\/wp-json\/wp\/v2\/media?parent=21430"}],"curies":[{"name":"wp","href":"https:\/\/api.w.org\/{rel}","templated":true}]}}